{"id":542,"date":"2024-10-06T20:44:37","date_gmt":"2024-10-06T20:44:37","guid":{"rendered":"https:\/\/rushpdf.com\/?page_id=542"},"modified":"2025-05-13T07:35:00","modified_gmt":"2025-05-13T07:35:00","slug":"merge-pdf","status":"publish","type":"page","link":"https:\/\/dev.rushpdf.com\/es\/fusionar-pdf\/","title":{"rendered":"Fusionar PDF"},"content":{"rendered":"<section class=\"py-12 lg:py-20  relative block   acf-upload\">\r\n\t<div class=\"inside_acf-upload\">\r\n\r\n\t\t<div class=\"max-w-screen-xl mx-auto z-10 relative  px-[24px] container\">\r\n    \r\n        \r\n\r\n    \t<div class=\"flex flex-col items-center justify-between lg:py-18  layout_stacked\">\r\n        <div class=\"w-full  upload_side left\">\r\n             \r\n\r\n\r\n<h1 class=\"h2 lg:h1 text-center lg:text-center mb-[0.3em]  font-bold\">\r\n    Fusionar PDF en l\u00ednea<\/h1>\r\n\r\n    <p class=\"mb-[2em] h4 lg:h3 text-center lg:text-center text-brandDarkGray font-bold subtitle\">\r\n        Combina tus documentos PDF sin esfuerzo    <\/p>\r\n        <\/div>\r\n        <div class=\"w-full mt-0  upload_side right\">\r\n            <div class=\"bg-white rounded-md shadow-brandSmall w-full lg:w-fit lg:mx-auto p-6 lg:p-8 drop_zone\" id=\"drop_zone_block_f23eee2a8d2c4bbe7459535056703f2d\" data-url=\"https:\/\/dev.rushpdf.com\/app\/dashboard\/documents\/new\" data-url-after=\"&#038;merge=true\">\r\n    <div class=\"error-message bg-[#FDF6F6] items-center border-[#DB4E4E] border rounded-md p-4 gap-3 mb-6\">\r\n        <img decoding=\"async\" src=\"https:\/\/dev.rushpdf.com\/wp-content\/themes\/rushpdf\/images\/info.svg\" class=\"w-6 h-6 shrink-0\" \/>\r\n        <p class=\"grow text-[#DB4E4E] text-base\">Error de carga: Aseg\u00farese de que su archivo tiene un formato v\u00e1lido y pesa menos de 15 MB.<\/p>\r\n    <\/div>\r\n\t\t<div class=\"dropper rounded-md flex flex-col justify-center text-center p-6 lg:p-8 relative\" style=\"\">\r\n\t\t\t\t\t<svg class=\"upload-icon w-24 mx-auto mb-8 lg:mb-6\" data-name=\"Layer 1\" xmlns=\"http:\/\/www.w3.org\/2000\/svg\" viewbox=\"0 0 81 75\" alt=\"Upload files\">\r\n\t\t\t\t<path d=\"M80.16,20.83H.5v-3.33C.5,8.31,7.98.83,17.17.83h8.43c1.54,0,3.09.36,4.47,1.05l10.52,5.26c.46.23.98.35,1.49.35h21.76c8.05,0,14.78,5.74,16.33,13.34ZM80.5,27.5v30c0,9.19-7.48,16.67-16.67,16.67H17.17c-9.19,0-16.67-7.48-16.67-16.67v-30h80ZM52.86,42.43l-5.38-5.38c-3.85-3.85-10.11-3.85-13.96,0l-5.38,5.38c-3.07,3.1,1.62,7.78,4.71,4.71l4.31-4.31v21.33c.02,4.36,6.65,4.36,6.67,0v-21.33l4.31,4.31c3.1,3.07,7.78-1.62,4.71-4.71Z\"\/>\r\n\t\t\t<\/svg>\r\n\t\t\r\n        <h3 class=\"h3 text-brandDarkGray font-bold mb-3 lg:mb-8 lg:block\">Arrastre y suelte el documento aqu\u00ed para cargarlo<\/h3>\r\n        <p class=\"h6 text-brandGray upload_instructions\">\r\n\r\n            \r\n                S\u00f3lo\r\n                                    PDF, JPG, PNG, Word, Excel (excepto CSV) y PowerPoint (&lt; 15 MB) permitidos\r\n\r\n                    <\/p>\r\n        <form action=\"https:\/\/dev.rushpdf.com\/wp-admin\/admin-post.php\" method=\"post\" enctype=\"multipart\/form-data\" class=\"upload-form relative z-20 w-full mx-auto\">\r\n\t\t\t<label class=\"btn-primary block w-full lg:w-fit mx-auto cursor-pointer upload_button\" style=\"\">\r\n                                    <input type=\"file\" name=\"file\" class=\"hidden fileUpload\" id=\"fileUpload_block_f23eee2a8d2c4bbe7459535056703f2d\" accept=\"application\/pdf,image\/jpeg,image\/png,application\/doc,application\/ms-doc,application\/msword,application\/vnd.openxmlformats-officedocument.wordprocessingml.document,application\/excel,application\/vnd.ms-excel,application\/x-excel,application\/x-msexcel,application\/vnd.openxmlformats-officedocument.spreadsheetml.sheet,application\/mspowerpoint,application\/powerpoint,application\/vnd.ms-powerpoint,application\/x-mspowerpoint,application\/vnd.openxmlformats-officedocument.presentationml.presentation\" data-size-limit=\"15\" multiple>\r\n                                Cargar desde el dispositivo            <\/label>\r\n            <input type=\"hidden\" name=\"action\" value=\"s3_upload_file\">\r\n            <input type=\"hidden\" name=\"upload_form_nonce\" value=\"41a2480583\">\r\n\r\n            <p class=\"my-3 text-center text-brandGray\" id=\"form-output_block_f23eee2a8d2c4bbe7459535056703f2d\"><\/p>\r\n\r\n        <\/form>\r\n        <div class=\"w-full h-full absolute top-0 left-0 z-10 dropHandlerElement\" data-dropzone=\"drop_zone_block_f23eee2a8d2c4bbe7459535056703f2d\">\r\n        <\/div>\r\n        <div class=\"loader z-30 flex-col gap-4 items-center justify-center w-full h-full absolute top-0 left-0 bg-white text-2xl font-bold rounded-lg\">\r\n            <img decoding=\"async\" src=\"https:\/\/dev.rushpdf.com\/wp-content\/themes\/rushpdf\/images\/loader.svg\" class=\"w-24 h-24\" \/>\r\n            <span id=\"loadingText\">Cargando...<\/span>\r\n        <\/div>\r\n    <\/div>\r\n<\/div>\r\n        <\/div>\r\n    <\/div>\r\n\r\n\t\t<\/div>\r\n    <\/div>\r\n<\/section>\r\n\n\n\r\n\r\n<section class=\"py-10 lg:py-16  relative block   acf-content\">\r\n\t<div class=\"inside_acf-content\">\r\n\r\n\t\t<div class=\"max-w-screen-xl mx-auto z-10 relative  px-[24px] container\">\r\n    \r\n        \r\n\r\n     \r\n\r\n\r\n<h2 class=\"h3 lg:h2 text-left lg:text-center mb-[1em]  font-bold\">\r\n    C\u00f3mo combinar archivos PDF en l\u00ednea<\/h2>\r\n\r\n    <p class=\"mb-[1.5em] h4 lg:h3 text-left lg:text-center text-brandMediumGray font-bold subtitle\">\r\n        Combine f\u00e1cilmente varios documentos PDF en un solo archivo con nuestra herramienta gratuita y segura. A continuaci\u00f3n te explicamos c\u00f3mo puedes combinar archivos PDF en l\u00ednea en unos sencillos pasos.    <\/p>\r\n\r\n    \r\n    \r\n\t\t<\/div>\r\n    <\/div>\r\n<\/section>\r\n\n\n\r\n\r\n<section class=\"relative block   acf-content-with-image\">\r\n\t<div class=\"inside_acf-content-with-image\">\r\n\r\n\t\t<div class=\"max-w-screen-xl mx-auto z-10 relative  px-[24px] container\">\r\n    \r\n        \r\n\r\n    <div class=\"flex flex-col items-center pt-10 pb-12 lg:flex-row\">\r\n        <div class=\"w-full lg:w-6\/12 mb-6 lg:pr-12\">\r\n                            <div class=\"w-full h-auto bg-brandSnowGray rounded-md\">\r\n                    <img loading=\"lazy\" decoding=\"async\" width=\"583\" height=\"430\" src=\"https:\/\/dev.rushpdf.com\/wp-content\/uploads\/2024\/10\/upload-file-to-merge-pdfs.png\" class=\"attachment-full size-full\" alt=\"Ilustraci\u00f3n de una interfaz de carga de archivos con una opci\u00f3n para cargar un documento desde un dispositivo. Un icono PDF y un gr\u00e1fico de firma se muestran en el lateral, indicando una funci\u00f3n de carga de documentos.\" srcset=\"https:\/\/dev.rushpdf.com\/wp-content\/uploads\/2024\/10\/upload-file-to-merge-pdfs.png 583w, https:\/\/dev.rushpdf.com\/wp-content\/uploads\/2024\/10\/upload-file-to-merge-pdfs-300x221.png 300w\" sizes=\"auto, (max-width: 583px) 100vw, 583px\" \/>                <\/div>\r\n                    <\/div>\r\n        <div class=\"w-full lg:w-6\/12\">\r\n             \r\n\r\n\r\n\r\n\r\n                            <div class=\"prose\">\r\n                    <h3>Paso 1: Cargue sus archivos PDF<\/h3>\n<ul>\n<li><strong>Seleccione sus archivos:<\/strong> Haga clic en el bot\u00f3n para cargar varios archivos PDF desde su ordenador, o simplemente arrastre y suelte sus PDF directamente en la p\u00e1gina. Nuestro sistema le permite cargar varios archivos a la vez, lo que facilita la fusi\u00f3n de documentos PDF sin complicaciones.<\/li>\n<li><strong>Reordenar p\u00e1gina:<\/strong> Una vez cargados los archivos, combine y reordene las p\u00e1ginas de los archivos combinados seg\u00fan sea necesario.<\/li>\n<\/ul>\n                <\/div>\r\n            \r\n                    <\/div>\r\n    <\/div>\r\n\r\n\t\t<\/div>\r\n    <\/div>\r\n<\/section>\r\n\n\n\r\n\r\n<section class=\"relative block   acf-content-with-image\">\r\n\t<div class=\"inside_acf-content-with-image\">\r\n\r\n\t\t<div class=\"max-w-screen-xl mx-auto z-10 relative  px-[24px] container\">\r\n    \r\n        \r\n\r\n    <div class=\"flex flex-col items-center pt-10 pb-12 lg:flex-row-reverse\">\r\n        <div class=\"w-full lg:w-6\/12 mb-6 lg:pl-12\">\r\n                            <div class=\"w-full h-auto bg-brandSnowGray rounded-md\">\r\n                    <img loading=\"lazy\" decoding=\"async\" width=\"583\" height=\"428\" src=\"https:\/\/dev.rushpdf.com\/wp-content\/uploads\/2024\/10\/merge-your-PDFs.png\" class=\"attachment-full size-full\" alt=\"Interfaz que muestra las opciones de fusi\u00f3n de documentos. Los formatos incluyen PDF, Word, Excel, PowerPoint, JPG y PNG. Hay un bot\u00f3n de descarga para seleccionar el tipo de archivo deseado.\" srcset=\"https:\/\/dev.rushpdf.com\/wp-content\/uploads\/2024\/10\/merge-your-PDFs.png 583w, https:\/\/dev.rushpdf.com\/wp-content\/uploads\/2024\/10\/merge-your-PDFs-300x220.png 300w\" sizes=\"auto, (max-width: 583px) 100vw, 583px\" \/>                <\/div>\r\n                    <\/div>\r\n        <div class=\"w-full lg:w-6\/12\">\r\n             \r\n\r\n\r\n\r\n\r\n                            <div class=\"prose\">\r\n                    <h3>Paso 2: Fusione sus PDF<\/h3>\n<ul>\n<li><strong>Iniciar el proceso de fusi\u00f3n: <\/strong>Una vez cargados los archivos, vaya a la pesta\u00f1a \"Combinar\" y haga clic en el bot\u00f3n \"Combinar PDF\". Nuestra herramienta garantiza que todos los PDF se fusionar\u00e1n sin problemas.<\/li>\n<li><strong>Organice sus documentos:<\/strong> \u00bfQuieres tus archivos en un orden espec\u00edfico? No hay problema. Arrastra y suelta los PDF cargados para reordenarlos como necesites. Tambi\u00e9n puedes a\u00f1adir o eliminar archivos en esta fase para perfeccionar tu documento.<\/li>\n<\/ul>\n                <\/div>\r\n            \r\n                    <\/div>\r\n    <\/div>\r\n\r\n\t\t<\/div>\r\n    <\/div>\r\n<\/section>\r\n\n\n\r\n\r\n<section class=\"py-10 lg:py-16  relative block   acf-features\">\r\n\t<div class=\"inside_acf-features\">\r\n\r\n\t\t<div class=\"max-w-screen-xl mx-auto z-10 relative  px-[24px] container\">\r\n    \r\n        \r\n\r\n \r\n\r\n\r\n<h2 class=\"h3 lg:h2 text-left lg:text-center mb-[1em]  font-bold\">\r\n    R\u00e1pido, f\u00e1cil y seguro<\/h2>\r\n\r\n\r\n    <div id=\"block_b06456e03e0a5e78156456df60a48516\">\r\n        \r\n            \r\n                            \r\n\t\t\t\t<div class=\"tab_group active\" data-index=\"0\">\r\n                \r\n                                    <div class=\"flex lg:grid gap-5 mb-12 mt-6 tab-content  lg:grid-cols-3\">\r\n                         \r\n\r\n                            \r\n                                \r\n                                    <div class=\"card  rounded-md\">\r\n                                                                                    <img decoding=\"async\" src=\"https:\/\/dev.rushpdf.com\/wp-content\/uploads\/2024\/08\/ico-highlite.svg\" class=\"w-16 h-16 mb-3\" alt=\"Icono de eficiencia, seguridad y facilidad de uso\" \/>\r\n                                                                                <div class=\"flex gap-3 items-center\">\r\n                                                                                        <h4 class=\"h3 font-bold\">Eficacia, seguridad y facilidad de uso<\/h4>\r\n                                        <\/div>\r\n                                        <p>Con nuestra intuitiva interfaz, fusionar archivos PDF es de lo m\u00e1s f\u00e1cil. Tanto si es la primera vez que lo usa como si es un profesional experimentado, podr\u00e1 fusionar archivos PDF en un abrir y cerrar de ojos.<\/p>\r\n                                    <\/div>\r\n                                \r\n                            \r\n                         \r\n\r\n                            \r\n                                \r\n                                    <div class=\"card  rounded-md\">\r\n                                                                                    <img decoding=\"async\" src=\"https:\/\/dev.rushpdf.com\/wp-content\/uploads\/2024\/08\/team.svg\" class=\"w-16 h-16 mb-3\" alt=\"Icono para la gesti\u00f3n de PDF sobre la marcha\" \/>\r\n                                                                                <div class=\"flex gap-3 items-center\">\r\n                                                                                        <h4 class=\"h3 font-bold\">Gesti\u00f3n de PDF sobre la marcha<\/h4>\r\n                                        <\/div>\r\n                                        <p>Fusione archivos PDF en cualquier momento y lugar con nuestro sitio compatible con dispositivos m\u00f3viles, perfecto para cuando se desplaza y necesita acceder r\u00e1pidamente a documentos esenciales.<\/p>\r\n                                    <\/div>\r\n                                \r\n                            \r\n                         \r\n\r\n                            \r\n                                \r\n                                    <div class=\"card  rounded-md\">\r\n                                                                                    <img decoding=\"async\" src=\"https:\/\/dev.rushpdf.com\/wp-content\/uploads\/2024\/08\/document.svg\" class=\"w-16 h-16 mb-3\" alt=\"Icono de m\u00e1xima seguridad para sus documentos\" \/>\r\n                                                                                <div class=\"flex gap-3 items-center\">\r\n                                                                                        <h4 class=\"h3 font-bold\">M\u00e1xima seguridad para sus documentos<\/h4>\r\n                                        <\/div>\r\n                                        <p>Sus documentos est\u00e1n en buenas manos. Utilizamos tecnolog\u00eda avanzada para proteger sus archivos durante el proceso de fusi\u00f3n, garantizando que permanezcan a salvo de accesos no autorizados.<\/p>\r\n                                    <\/div>\r\n                                \r\n                            \r\n                                            <\/div>\r\n                \t\t\t\t<\/div>\r\n            \r\n        \r\n        \r\n    <\/div>\r\n\r\n\t\t<\/div>\r\n    <\/div>\r\n<\/section>","protected":false},"excerpt":{"rendered":"","protected":false},"author":10,"featured_media":0,"parent":0,"menu_order":0,"comment_status":"closed","ping_status":"closed","template":"page_templates\/page_builder.php","meta":{"_acf_changed":true,"footnotes":""},"class_list":["post-542","page","type-page","status-publish","hentry"],"acf":[],"yoast_head":"<!-- This site is optimized with the Yoast SEO plugin v23.5 - https:\/\/yoast.com\/wordpress\/plugins\/seo\/ -->\n<title>Merge PDF Files Online<\/title>\n<meta name=\"description\" content=\"Merge PDF Files Online. Combine multiple PDFs and images into one. No installation or registration is required. Free, quick, and easy to use.\" \/>\n<meta name=\"robots\" content=\"noindex, follow, max-snippet:-1, max-image-preview:large, max-video-preview:-1\" \/>\n<meta property=\"og:locale\" content=\"es_ES\" \/>\n<meta property=\"og:type\" content=\"article\" \/>\n<meta property=\"og:title\" content=\"Merge PDF Files Online\" \/>\n<meta property=\"og:description\" content=\"Merge PDF Files Online. Combine multiple PDFs and images into one. No installation or registration is required. Free, quick, and easy to use.\" \/>\n<meta property=\"og:url\" content=\"https:\/\/dev.rushpdf.com\/es\/fusionar-pdf\/\" \/>\n<meta property=\"og:site_name\" content=\"RushPDF\" \/>\n<meta property=\"article:modified_time\" content=\"2025-05-13T07:35:00+00:00\" \/>\n<meta name=\"twitter:card\" content=\"summary_large_image\" \/>\n<script type=\"application\/ld+json\" class=\"yoast-schema-graph\">{\"@context\":\"https:\/\/schema.org\",\"@graph\":[{\"@type\":\"WebPage\",\"@id\":\"https:\/\/dev.rushpdf.com\/merge-pdf\/\",\"url\":\"https:\/\/dev.rushpdf.com\/merge-pdf\/\",\"name\":\"Merge PDF Files Online\",\"isPartOf\":{\"@id\":\"https:\/\/dev.rushpdf.com\/#website\"},\"datePublished\":\"2024-10-06T20:44:37+00:00\",\"dateModified\":\"2025-05-13T07:35:00+00:00\",\"description\":\"Merge PDF Files Online. Combine multiple PDFs and images into one. No installation or registration is required. Free, quick, and easy to use.\",\"breadcrumb\":{\"@id\":\"https:\/\/dev.rushpdf.com\/merge-pdf\/#breadcrumb\"},\"inLanguage\":\"es\",\"potentialAction\":[{\"@type\":\"ReadAction\",\"target\":[\"https:\/\/dev.rushpdf.com\/merge-pdf\/\"]}]},{\"@type\":\"BreadcrumbList\",\"@id\":\"https:\/\/dev.rushpdf.com\/merge-pdf\/#breadcrumb\",\"itemListElement\":[{\"@type\":\"ListItem\",\"position\":1,\"name\":\"Home\",\"item\":\"https:\/\/dev.rushpdf.com\/\"},{\"@type\":\"ListItem\",\"position\":2,\"name\":\"Merge PDF\"}]},{\"@type\":\"WebSite\",\"@id\":\"https:\/\/dev.rushpdf.com\/#website\",\"url\":\"https:\/\/dev.rushpdf.com\/\",\"name\":\"RushPDF\",\"description\":\"Your SUPER-powered PDF Tools\",\"publisher\":{\"@id\":\"https:\/\/dev.rushpdf.com\/#organization\"},\"potentialAction\":[{\"@type\":\"SearchAction\",\"target\":{\"@type\":\"EntryPoint\",\"urlTemplate\":\"https:\/\/dev.rushpdf.com\/?s={search_term_string}\"},\"query-input\":{\"@type\":\"PropertyValueSpecification\",\"valueRequired\":true,\"valueName\":\"search_term_string\"}}],\"inLanguage\":\"es\"},{\"@type\":\"Organization\",\"@id\":\"https:\/\/dev.rushpdf.com\/#organization\",\"name\":\"RushPDF\",\"url\":\"https:\/\/dev.rushpdf.com\/\",\"logo\":{\"@type\":\"ImageObject\",\"inLanguage\":\"es\",\"@id\":\"https:\/\/dev.rushpdf.com\/#\/schema\/logo\/image\/\",\"url\":\"https:\/\/dev.rushpdf.com\/wp-content\/uploads\/2024\/07\/rushpdf_icon180.png\",\"contentUrl\":\"https:\/\/dev.rushpdf.com\/wp-content\/uploads\/2024\/07\/rushpdf_icon180.png\",\"width\":180,\"height\":180,\"caption\":\"RushPDF\"},\"image\":{\"@id\":\"https:\/\/dev.rushpdf.com\/#\/schema\/logo\/image\/\"}}]}<\/script>\n<!-- \/ Yoast SEO plugin. -->","yoast_head_json":{"title":"Merge PDF Files Online","description":"Merge PDF Files Online. Combine multiple PDFs and images into one. No installation or registration is required. Free, quick, and easy to use.","robots":{"index":"noindex","follow":"follow","max-snippet":"max-snippet:-1","max-image-preview":"max-image-preview:large","max-video-preview":"max-video-preview:-1"},"og_locale":"es_ES","og_type":"article","og_title":"Merge PDF Files Online","og_description":"Merge PDF Files Online. Combine multiple PDFs and images into one. No installation or registration is required. Free, quick, and easy to use.","og_url":"https:\/\/dev.rushpdf.com\/es\/fusionar-pdf\/","og_site_name":"RushPDF","article_modified_time":"2025-05-13T07:35:00+00:00","twitter_card":"summary_large_image","schema":{"@context":"https:\/\/schema.org","@graph":[{"@type":"WebPage","@id":"https:\/\/dev.rushpdf.com\/merge-pdf\/","url":"https:\/\/dev.rushpdf.com\/merge-pdf\/","name":"Merge PDF Files Online","isPartOf":{"@id":"https:\/\/dev.rushpdf.com\/#website"},"datePublished":"2024-10-06T20:44:37+00:00","dateModified":"2025-05-13T07:35:00+00:00","description":"Merge PDF Files Online. Combine multiple PDFs and images into one. No installation or registration is required. Free, quick, and easy to use.","breadcrumb":{"@id":"https:\/\/dev.rushpdf.com\/merge-pdf\/#breadcrumb"},"inLanguage":"es","potentialAction":[{"@type":"ReadAction","target":["https:\/\/dev.rushpdf.com\/merge-pdf\/"]}]},{"@type":"BreadcrumbList","@id":"https:\/\/dev.rushpdf.com\/merge-pdf\/#breadcrumb","itemListElement":[{"@type":"ListItem","position":1,"name":"Home","item":"https:\/\/dev.rushpdf.com\/"},{"@type":"ListItem","position":2,"name":"Merge PDF"}]},{"@type":"WebSite","@id":"https:\/\/dev.rushpdf.com\/#website","url":"https:\/\/dev.rushpdf.com\/","name":"RushPDF","description":"Your SUPER-powered PDF Tools","publisher":{"@id":"https:\/\/dev.rushpdf.com\/#organization"},"potentialAction":[{"@type":"SearchAction","target":{"@type":"EntryPoint","urlTemplate":"https:\/\/dev.rushpdf.com\/?s={search_term_string}"},"query-input":{"@type":"PropertyValueSpecification","valueRequired":true,"valueName":"search_term_string"}}],"inLanguage":"es"},{"@type":"Organization","@id":"https:\/\/dev.rushpdf.com\/#organization","name":"RushPDF","url":"https:\/\/dev.rushpdf.com\/","logo":{"@type":"ImageObject","inLanguage":"es","@id":"https:\/\/dev.rushpdf.com\/#\/schema\/logo\/image\/","url":"https:\/\/dev.rushpdf.com\/wp-content\/uploads\/2024\/07\/rushpdf_icon180.png","contentUrl":"https:\/\/dev.rushpdf.com\/wp-content\/uploads\/2024\/07\/rushpdf_icon180.png","width":180,"height":180,"caption":"RushPDF"},"image":{"@id":"https:\/\/dev.rushpdf.com\/#\/schema\/logo\/image\/"}}]}},"jetpack_sharing_enabled":true,"_links":{"self":[{"href":"https:\/\/dev.rushpdf.com\/es\/wp-json\/wp\/v2\/pages\/542","targetHints":{"allow":["GET"]}}],"collection":[{"href":"https:\/\/dev.rushpdf.com\/es\/wp-json\/wp\/v2\/pages"}],"about":[{"href":"https:\/\/dev.rushpdf.com\/es\/wp-json\/wp\/v2\/types\/page"}],"author":[{"embeddable":true,"href":"https:\/\/dev.rushpdf.com\/es\/wp-json\/wp\/v2\/users\/10"}],"replies":[{"embeddable":true,"href":"https:\/\/dev.rushpdf.com\/es\/wp-json\/wp\/v2\/comments?post=542"}],"version-history":[{"count":0,"href":"https:\/\/dev.rushpdf.com\/es\/wp-json\/wp\/v2\/pages\/542\/revisions"}],"wp:attachment":[{"href":"https:\/\/dev.rushpdf.com\/es\/wp-json\/wp\/v2\/media?parent=542"}],"curies":[{"name":"wp","href":"https:\/\/api.w.org\/{rel}","templated":true}]}}