{"id":250,"date":"2024-09-11T14:46:45","date_gmt":"2024-09-11T14:46:45","guid":{"rendered":"https:\/\/rushpdf.com\/?page_id=250"},"modified":"2024-12-06T17:33:23","modified_gmt":"2024-12-06T17:33:23","slug":"extract-pages-from-pdf","status":"publish","type":"page","link":"https:\/\/dev.rushpdf.com\/es\/extraer-paginas-de-pdf\/","title":{"rendered":"Extraer p\u00e1ginas PDF"},"content":{"rendered":"<section class=\"py-6 lg:py-12  relative block   acf-upload\">\r\n\t<div class=\"inside_acf-upload\">\r\n\r\n\t\t<div class=\"max-w-screen-xl mx-auto z-10 relative  px-[24px] container\">\r\n    \r\n        \r\n\r\n    \t<div class=\"flex flex-col items-center justify-between lg:py-18  layout_stacked\">\r\n        <div class=\"w-full  upload_side left\">\r\n             \r\n\r\n\r\n<h1 class=\"h2 lg:h1 text-center lg:text-center mb-[0.3em]  font-bold\">\r\n    Extraer p\u00e1ginas de PDF en l\u00ednea<\/h1>\r\n\r\n    <p class=\"mb-[2em] h4 lg:h3 text-center lg:text-center text-brandDarkGray font-bold subtitle\">\r\n        A\u00edsle f\u00e1cilmente las p\u00e1ginas que necesita para crear un nuevo documento en cuesti\u00f3n de minutos    <\/p>\r\n        <\/div>\r\n        <div class=\"w-full mt-0  upload_side right\">\r\n            <div class=\"bg-white rounded-md shadow-brandSmall w-full lg:w-fit lg:mx-auto p-6 lg:p-8 drop_zone\" id=\"drop_zone_block_29d11bd4470c40e49760647b25a57aee\" data-url=\"https:\/\/staging.rushpdf.com\/app\/dashboard\/documents\/new\" data-url-after=\"\">\r\n    <div class=\"error-message bg-[#FDF6F6] items-center border-[#DB4E4E] border rounded-md p-4 gap-3 mb-6\">\r\n        <img decoding=\"async\" src=\"https:\/\/dev.rushpdf.com\/wp-content\/themes\/rushpdf\/images\/info.svg\" class=\"w-6 h-6 shrink-0\" \/>\r\n        <p class=\"grow text-[#DB4E4E] text-base\">Carga fallida: Aseg\u00farese de que su archivo tiene un formato v\u00e1lido y pesa menos de 90 MB.<\/p>\r\n    <\/div>\r\n\t\t<div class=\"dropper rounded-md flex flex-col justify-center text-center p-6 lg:p-8 relative\" style=\"\">\r\n\t\t\t\t\t<svg class=\"upload-icon w-24 mx-auto mb-8 lg:mb-6\" data-name=\"Layer 1\" xmlns=\"http:\/\/www.w3.org\/2000\/svg\" viewbox=\"0 0 81 75\" alt=\"Upload files\">\r\n\t\t\t\t<path d=\"M80.16,20.83H.5v-3.33C.5,8.31,7.98.83,17.17.83h8.43c1.54,0,3.09.36,4.47,1.05l10.52,5.26c.46.23.98.35,1.49.35h21.76c8.05,0,14.78,5.74,16.33,13.34ZM80.5,27.5v30c0,9.19-7.48,16.67-16.67,16.67H17.17c-9.19,0-16.67-7.48-16.67-16.67v-30h80ZM52.86,42.43l-5.38-5.38c-3.85-3.85-10.11-3.85-13.96,0l-5.38,5.38c-3.07,3.1,1.62,7.78,4.71,4.71l4.31-4.31v21.33c.02,4.36,6.65,4.36,6.67,0v-21.33l4.31,4.31c3.1,3.07,7.78-1.62,4.71-4.71Z\"\/>\r\n\t\t\t<\/svg>\r\n\t\t\r\n        <h3 class=\"h3 text-brandDarkGray font-bold mb-3 lg:mb-8 lg:block\">Arrastre y suelte el documento aqu\u00ed para cargarlo<\/h3>\r\n        <p class=\"h6 text-brandGray upload_instructions\">\r\n\r\n            \r\n                S\u00f3lo\r\n                                    PDF (&lt; 90 MB) permitido\r\n\r\n                    <\/p>\r\n        <form action=\"https:\/\/dev.rushpdf.com\/wp-admin\/admin-post.php\" method=\"post\" enctype=\"multipart\/form-data\" class=\"upload-form relative z-20 w-full mx-auto\">\r\n\t\t\t<label class=\"btn-primary block w-full lg:w-fit mx-auto cursor-pointer upload_button\" style=\"\">\r\n                                    <input type=\"file\" name=\"file\" class=\"hidden fileUpload\" id=\"fileUpload_block_29d11bd4470c40e49760647b25a57aee\" accept=\"application\/pdf\" data-size-limit=\"90\" >\r\n                                Cargar desde el dispositivo            <\/label>\r\n            <input type=\"hidden\" name=\"action\" value=\"s3_upload_file\">\r\n            <input type=\"hidden\" name=\"upload_form_nonce\" value=\"1ea2bb3b5a\">\r\n\r\n            <p class=\"my-3 text-center text-brandGray\" id=\"form-output_block_29d11bd4470c40e49760647b25a57aee\"><\/p>\r\n\r\n        <\/form>\r\n        <div class=\"w-full h-full absolute top-0 left-0 z-10 dropHandlerElement\" data-dropzone=\"drop_zone_block_29d11bd4470c40e49760647b25a57aee\">\r\n        <\/div>\r\n        <div class=\"loader z-30 flex-col gap-4 items-center justify-center w-full h-full absolute top-0 left-0 bg-white text-2xl font-bold rounded-lg\">\r\n            <img decoding=\"async\" src=\"https:\/\/dev.rushpdf.com\/wp-content\/themes\/rushpdf\/images\/loader.svg\" class=\"w-24 h-24\" \/>\r\n            <span id=\"loadingText\">Cargando...<\/span>\r\n        <\/div>\r\n    <\/div>\r\n<\/div>\r\n        <\/div>\r\n    <\/div>\r\n\r\n\t\t<\/div>\r\n    <\/div>\r\n<\/section>\r\n\n\n\r\n\r\n<section class=\"py-12 lg:py-20  relative block   acf-content\">\r\n\t<div class=\"inside_acf-content\">\r\n\r\n\t\t<div class=\"max-w-screen-xl mx-auto z-10 relative  px-[24px] container\">\r\n    \r\n        \r\n\r\n     \r\n\r\n\r\n<h2 class=\"h3 lg:h2 text-left lg:text-center mb-[1em]  font-bold\">\r\n    C\u00f3mo extraer p\u00e1ginas PDF en l\u00ednea gratis<\/h2>\r\n\r\n    <p class=\"mb-[1.5em] h5 lg:h3 text-left lg:text-center text-brandMediumGray font-bold subtitle\">\r\n        Extraiga p\u00e1ginas individuales o intervalos de p\u00e1ginas de un PDF para obtener s\u00f3lo el contenido que necesita. Deje atr\u00e1s las p\u00e1ginas innecesarias para obtener un documento conciso.    <\/p>\r\n\r\n    \r\n    \r\n\t\t<\/div>\r\n    <\/div>\r\n<\/section>\r\n\n\n\r\n\r\n<section class=\"relative block   acf-content-with-image\">\r\n\t<div class=\"inside_acf-content-with-image\">\r\n\r\n\t\t<div class=\"max-w-screen-xl mx-auto z-10 relative  px-[24px] container\">\r\n    \r\n        \r\n\r\n    <div class=\"flex flex-col items-center pt-10 pb-12 lg:flex-row\">\r\n        <div class=\"w-full lg:w-6\/12 mb-6 lg:pr-12\">\r\n                            <div class=\"w-full h-auto bg-brandSnowGray rounded-md\">\r\n                    <img loading=\"lazy\" decoding=\"async\" width=\"1166\" height=\"860\" src=\"https:\/\/dev.rushpdf.com\/wp-content\/uploads\/2024\/10\/Upload-PDF-file.png\" class=\"attachment-full size-full\" alt=\"Pantalla de carga de PDF con opci\u00f3n de cargar archivos desde el dispositivo en una plataforma de edici\u00f3n de pdf\" srcset=\"https:\/\/dev.rushpdf.com\/wp-content\/uploads\/2024\/10\/Upload-PDF-file.png 1166w, https:\/\/dev.rushpdf.com\/wp-content\/uploads\/2024\/10\/Upload-PDF-file-300x221.png 300w, https:\/\/dev.rushpdf.com\/wp-content\/uploads\/2024\/10\/Upload-PDF-file-1024x755.png 1024w, https:\/\/dev.rushpdf.com\/wp-content\/uploads\/2024\/10\/Upload-PDF-file-768x566.png 768w\" sizes=\"auto, (max-width: 1166px) 100vw, 1166px\" \/>                <\/div>\r\n                    <\/div>\r\n        <div class=\"w-full lg:w-6\/12\">\r\n             \r\n\r\n\r\n\r\n\r\n                            <div class=\"prose\">\r\n                    <h3>Paso 1: Cargue su PDF<\/h3>\n<ul>\n<li>Elija archivos de su ordenador o utilice la funci\u00f3n de arrastrar y soltar para cargar su PDF y extraer las p\u00e1ginas.<\/li>\n<\/ul>\n<h3>Paso 2: Seleccione sus p\u00e1ginas<\/h3>\n<ul>\n<li>Sujete el <strong>Controlar<\/strong> (Windows) o la tecla <strong>Comando<\/strong> (Mac) y haga clic en las p\u00e1ginas que desea extraer.<\/li>\n<li>Tambi\u00e9n puede introducir n\u00fameros de p\u00e1gina o intervalos espec\u00edficos para seleccionar las p\u00e1ginas que desee.<\/li>\n<\/ul>\n                <\/div>\r\n            \r\n                    <\/div>\r\n    <\/div>\r\n\r\n\t\t<\/div>\r\n    <\/div>\r\n<\/section>\r\n\n\n\r\n\r\n<section class=\"relative block   acf-content-with-image\">\r\n\t<div class=\"inside_acf-content-with-image\">\r\n\r\n\t\t<div class=\"max-w-screen-xl mx-auto z-10 relative  px-[24px] container\">\r\n    \r\n        \r\n\r\n    <div class=\"flex flex-col items-center pt-10 pb-12 lg:flex-row-reverse\">\r\n        <div class=\"w-full lg:w-6\/12 mb-6 lg:pl-12\">\r\n                            <div class=\"w-full h-auto bg-brandSnowGray rounded-md\">\r\n                    <img loading=\"lazy\" decoding=\"async\" width=\"583\" height=\"378\" src=\"https:\/\/dev.rushpdf.com\/wp-content\/uploads\/2024\/10\/Step-3-\u2013-Create-Your-Split-PDFs.png\" class=\"attachment-full size-full\" alt=\"\" srcset=\"https:\/\/dev.rushpdf.com\/wp-content\/uploads\/2024\/10\/Step-3-\u2013-Create-Your-Split-PDFs.png 583w, https:\/\/dev.rushpdf.com\/wp-content\/uploads\/2024\/10\/Step-3-\u2013-Create-Your-Split-PDFs-300x195.png 300w\" sizes=\"auto, (max-width: 583px) 100vw, 583px\" \/>                <\/div>\r\n                    <\/div>\r\n        <div class=\"w-full lg:w-6\/12\">\r\n             \r\n\r\n\r\n\r\n\r\n                            <div class=\"prose\">\r\n                    <h3>Paso 3: Haz clic en \"Extraer\".<\/h3>\n<ul>\n<li>Una vez seleccionadas las p\u00e1ginas, haga clic en el bot\u00f3n <strong>\"Extracto\"<\/strong> para iniciar la separaci\u00f3n de las p\u00e1ginas PDF elegidas.<\/li>\n<\/ul>\n<h3>Paso 4: Descargue las p\u00e1ginas extra\u00eddas<\/h3>\n<ul>\n<li>Descargue las p\u00e1ginas extra\u00eddas en un \u00fanico archivo o en varios, seg\u00fan sus preferencias.<\/li>\n<\/ul>\n                <\/div>\r\n            \r\n                    <\/div>\r\n    <\/div>\r\n\r\n\t\t<\/div>\r\n    <\/div>\r\n<\/section>\r\n\n\n\r\n\r\n<section class=\"py-10 lg:py-16  relative block   acf-features\">\r\n\t<div class=\"inside_acf-features\">\r\n\r\n\t\t<div class=\"max-w-screen-xl mx-auto z-10 relative  px-[24px] container\">\r\n    \r\n        \r\n\r\n \r\n\r\n\r\n<h2 class=\"h3 lg:h2 text-left lg:text-center mb-[1em]  font-bold\">\r\n    Seguridad, eficacia y colaboraci\u00f3n<\/h2>\r\n\r\n\r\n    <div id=\"block_0b72d57cad32f6022f06d1e43fe1d042\">\r\n        \r\n            \r\n                            \r\n\t\t\t\t<div class=\"tab_group active\" data-index=\"0\">\r\n                \r\n                                    <div class=\"flex lg:grid gap-5 mb-12 mt-6 tab-content  lg:grid-cols-3\">\r\n                         \r\n\r\n                            \r\n                                \r\n                                    <div class=\"card  rounded-md\">\r\n                                                                                    <img decoding=\"async\" src=\"https:\/\/dev.rushpdf.com\/wp-content\/uploads\/2024\/08\/sqr-convert.svg\" class=\"w-16 h-16 mb-3\" alt=\"Icono de extracci\u00f3n segura de PDF\" \/>\r\n                                                                                <div class=\"flex gap-3 items-center\">\r\n                                                                                        <h4 class=\"h3 font-bold\">Extracci\u00f3n segura de PDF<\/h4>\r\n                                        <\/div>\r\n                                        <p>Extrae p\u00e1ginas PDF de forma segura. Tu PDF solo se guardar\u00e1 si inicias sesi\u00f3n en tu cuenta y lo cargas, y permanecer\u00e1 accesible exclusivamente para ti, para mayor tranquilidad.<\/p>\r\n                                    <\/div>\r\n                                \r\n                            \r\n                         \r\n\r\n                            \r\n                                \r\n                                    <div class=\"card  rounded-md\">\r\n                                                                                    <img decoding=\"async\" src=\"https:\/\/dev.rushpdf.com\/wp-content\/uploads\/2024\/08\/ico-rearrange.svg\" class=\"w-16 h-16 mb-3\" alt=\"Icono para aumentar la eficiencia\" \/>\r\n                                                                                <div class=\"flex gap-3 items-center\">\r\n                                                                                        <h4 class=\"h3 font-bold\">Aumentar la eficiencia<\/h4>\r\n                                        <\/div>\r\n                                        <p>Comparta s\u00f3lo las partes de su PDF que importan. Reduzca el tama\u00f1o del archivo y divida documentos grandes en otros m\u00e1s peque\u00f1os y manejables para tareas espec\u00edficas.<\/p>\r\n                                    <\/div>\r\n                                \r\n                            \r\n                         \r\n\r\n                            \r\n                                \r\n                                    <div class=\"card  rounded-md\">\r\n                                                                                    <img decoding=\"async\" src=\"https:\/\/dev.rushpdf.com\/wp-content\/uploads\/2024\/08\/edit-hilite.svg\" class=\"w-16 h-16 mb-3\" alt=\"Icono para agilizar la colaboraci\u00f3n\" \/>\r\n                                                                                <div class=\"flex gap-3 items-center\">\r\n                                                                                        <h4 class=\"h3 font-bold\">Agilizar la colaboraci\u00f3n<\/h4>\r\n                                        <\/div>\r\n                                        <p>Env\u00ede s\u00f3lo las p\u00e1ginas relevantes, manteniendo a su equipo centrado. Excluye f\u00e1cilmente el contenido confidencial o innecesario para mejorar el trabajo en equipo.<\/p>\r\n                                    <\/div>\r\n                                \r\n                            \r\n                                            <\/div>\r\n                \t\t\t\t<\/div>\r\n            \r\n        \r\n        \r\n    <\/div>\r\n\r\n\t\t<\/div>\r\n    <\/div>\r\n<\/section>","protected":false},"excerpt":{"rendered":"","protected":false},"author":6,"featured_media":0,"parent":0,"menu_order":0,"comment_status":"closed","ping_status":"closed","template":"page_templates\/page_builder.php","meta":{"_acf_changed":true,"footnotes":""},"class_list":["post-250","page","type-page","status-publish","hentry"],"acf":[],"yoast_head":"<!-- This site is optimized with the Yoast SEO plugin v23.5 - https:\/\/yoast.com\/wordpress\/plugins\/seo\/ -->\n<title>Extract Pages From PDF Online With Our PDF Extractor Tool<\/title>\n<meta name=\"description\" content=\"Extract Pages From PDF: Get a new document containing only the desired pages. Online, no installation or registration required.\" \/>\n<meta name=\"robots\" content=\"noindex, follow, max-snippet:-1, max-image-preview:large, max-video-preview:-1\" \/>\n<meta property=\"og:locale\" content=\"es_ES\" \/>\n<meta property=\"og:type\" content=\"article\" \/>\n<meta property=\"og:title\" content=\"Extract Pages From PDF Online With Our PDF Extractor Tool\" \/>\n<meta property=\"og:description\" content=\"Extract Pages From PDF: Get a new document containing only the desired pages. Online, no installation or registration required.\" \/>\n<meta property=\"og:url\" content=\"https:\/\/dev.rushpdf.com\/es\/extraer-paginas-de-pdf\/\" \/>\n<meta property=\"og:site_name\" content=\"RushPDF\" \/>\n<meta property=\"article:modified_time\" content=\"2024-12-06T17:33:23+00:00\" \/>\n<meta name=\"twitter:card\" content=\"summary_large_image\" \/>\n<script type=\"application\/ld+json\" class=\"yoast-schema-graph\">{\"@context\":\"https:\/\/schema.org\",\"@graph\":[{\"@type\":\"WebPage\",\"@id\":\"https:\/\/dev.rushpdf.com\/extract-pages-from-pdf\/\",\"url\":\"https:\/\/dev.rushpdf.com\/extract-pages-from-pdf\/\",\"name\":\"Extract Pages From PDF Online With Our PDF Extractor Tool\",\"isPartOf\":{\"@id\":\"https:\/\/dev.rushpdf.com\/#website\"},\"datePublished\":\"2024-09-11T14:46:45+00:00\",\"dateModified\":\"2024-12-06T17:33:23+00:00\",\"description\":\"Extract Pages From PDF: Get a new document containing only the desired pages. Online, no installation or registration required.\",\"breadcrumb\":{\"@id\":\"https:\/\/dev.rushpdf.com\/extract-pages-from-pdf\/#breadcrumb\"},\"inLanguage\":\"es\",\"potentialAction\":[{\"@type\":\"ReadAction\",\"target\":[\"https:\/\/dev.rushpdf.com\/extract-pages-from-pdf\/\"]}]},{\"@type\":\"BreadcrumbList\",\"@id\":\"https:\/\/dev.rushpdf.com\/extract-pages-from-pdf\/#breadcrumb\",\"itemListElement\":[{\"@type\":\"ListItem\",\"position\":1,\"name\":\"Home\",\"item\":\"https:\/\/dev.rushpdf.com\/\"},{\"@type\":\"ListItem\",\"position\":2,\"name\":\"Extract PDF Pages\"}]},{\"@type\":\"WebSite\",\"@id\":\"https:\/\/dev.rushpdf.com\/#website\",\"url\":\"https:\/\/dev.rushpdf.com\/\",\"name\":\"RushPDF\",\"description\":\"Your SUPER-powered PDF Tools\",\"publisher\":{\"@id\":\"https:\/\/dev.rushpdf.com\/#organization\"},\"potentialAction\":[{\"@type\":\"SearchAction\",\"target\":{\"@type\":\"EntryPoint\",\"urlTemplate\":\"https:\/\/dev.rushpdf.com\/?s={search_term_string}\"},\"query-input\":{\"@type\":\"PropertyValueSpecification\",\"valueRequired\":true,\"valueName\":\"search_term_string\"}}],\"inLanguage\":\"es\"},{\"@type\":\"Organization\",\"@id\":\"https:\/\/dev.rushpdf.com\/#organization\",\"name\":\"RushPDF\",\"url\":\"https:\/\/dev.rushpdf.com\/\",\"logo\":{\"@type\":\"ImageObject\",\"inLanguage\":\"es\",\"@id\":\"https:\/\/dev.rushpdf.com\/#\/schema\/logo\/image\/\",\"url\":\"https:\/\/dev.rushpdf.com\/wp-content\/uploads\/2024\/07\/rushpdf_icon180.png\",\"contentUrl\":\"https:\/\/dev.rushpdf.com\/wp-content\/uploads\/2024\/07\/rushpdf_icon180.png\",\"width\":180,\"height\":180,\"caption\":\"RushPDF\"},\"image\":{\"@id\":\"https:\/\/dev.rushpdf.com\/#\/schema\/logo\/image\/\"}}]}<\/script>\n<!-- \/ Yoast SEO plugin. -->","yoast_head_json":{"title":"Extract Pages From PDF Online With Our PDF Extractor Tool","description":"Extract Pages From PDF: Get a new document containing only the desired pages. Online, no installation or registration required.","robots":{"index":"noindex","follow":"follow","max-snippet":"max-snippet:-1","max-image-preview":"max-image-preview:large","max-video-preview":"max-video-preview:-1"},"og_locale":"es_ES","og_type":"article","og_title":"Extract Pages From PDF Online With Our PDF Extractor Tool","og_description":"Extract Pages From PDF: Get a new document containing only the desired pages. Online, no installation or registration required.","og_url":"https:\/\/dev.rushpdf.com\/es\/extraer-paginas-de-pdf\/","og_site_name":"RushPDF","article_modified_time":"2024-12-06T17:33:23+00:00","twitter_card":"summary_large_image","schema":{"@context":"https:\/\/schema.org","@graph":[{"@type":"WebPage","@id":"https:\/\/dev.rushpdf.com\/extract-pages-from-pdf\/","url":"https:\/\/dev.rushpdf.com\/extract-pages-from-pdf\/","name":"Extract Pages From PDF Online With Our PDF Extractor Tool","isPartOf":{"@id":"https:\/\/dev.rushpdf.com\/#website"},"datePublished":"2024-09-11T14:46:45+00:00","dateModified":"2024-12-06T17:33:23+00:00","description":"Extract Pages From PDF: Get a new document containing only the desired pages. Online, no installation or registration required.","breadcrumb":{"@id":"https:\/\/dev.rushpdf.com\/extract-pages-from-pdf\/#breadcrumb"},"inLanguage":"es","potentialAction":[{"@type":"ReadAction","target":["https:\/\/dev.rushpdf.com\/extract-pages-from-pdf\/"]}]},{"@type":"BreadcrumbList","@id":"https:\/\/dev.rushpdf.com\/extract-pages-from-pdf\/#breadcrumb","itemListElement":[{"@type":"ListItem","position":1,"name":"Home","item":"https:\/\/dev.rushpdf.com\/"},{"@type":"ListItem","position":2,"name":"Extract PDF Pages"}]},{"@type":"WebSite","@id":"https:\/\/dev.rushpdf.com\/#website","url":"https:\/\/dev.rushpdf.com\/","name":"RushPDF","description":"Your SUPER-powered PDF Tools","publisher":{"@id":"https:\/\/dev.rushpdf.com\/#organization"},"potentialAction":[{"@type":"SearchAction","target":{"@type":"EntryPoint","urlTemplate":"https:\/\/dev.rushpdf.com\/?s={search_term_string}"},"query-input":{"@type":"PropertyValueSpecification","valueRequired":true,"valueName":"search_term_string"}}],"inLanguage":"es"},{"@type":"Organization","@id":"https:\/\/dev.rushpdf.com\/#organization","name":"RushPDF","url":"https:\/\/dev.rushpdf.com\/","logo":{"@type":"ImageObject","inLanguage":"es","@id":"https:\/\/dev.rushpdf.com\/#\/schema\/logo\/image\/","url":"https:\/\/dev.rushpdf.com\/wp-content\/uploads\/2024\/07\/rushpdf_icon180.png","contentUrl":"https:\/\/dev.rushpdf.com\/wp-content\/uploads\/2024\/07\/rushpdf_icon180.png","width":180,"height":180,"caption":"RushPDF"},"image":{"@id":"https:\/\/dev.rushpdf.com\/#\/schema\/logo\/image\/"}}]}},"jetpack_sharing_enabled":true,"_links":{"self":[{"href":"https:\/\/dev.rushpdf.com\/es\/wp-json\/wp\/v2\/pages\/250","targetHints":{"allow":["GET"]}}],"collection":[{"href":"https:\/\/dev.rushpdf.com\/es\/wp-json\/wp\/v2\/pages"}],"about":[{"href":"https:\/\/dev.rushpdf.com\/es\/wp-json\/wp\/v2\/types\/page"}],"author":[{"embeddable":true,"href":"https:\/\/dev.rushpdf.com\/es\/wp-json\/wp\/v2\/users\/6"}],"replies":[{"embeddable":true,"href":"https:\/\/dev.rushpdf.com\/es\/wp-json\/wp\/v2\/comments?post=250"}],"version-history":[{"count":0,"href":"https:\/\/dev.rushpdf.com\/es\/wp-json\/wp\/v2\/pages\/250\/revisions"}],"wp:attachment":[{"href":"https:\/\/dev.rushpdf.com\/es\/wp-json\/wp\/v2\/media?parent=250"}],"curies":[{"name":"wp","href":"https:\/\/api.w.org\/{rel}","templated":true}]}}