{"id":236,"date":"2024-09-11T16:11:48","date_gmt":"2024-09-11T16:11:48","guid":{"rendered":"https:\/\/rushpdf.com\/?page_id=236"},"modified":"2025-05-08T11:11:24","modified_gmt":"2025-05-08T11:11:24","slug":"pdf-to-powerpoint","status":"publish","type":"page","link":"https:\/\/dev.rushpdf.com\/es\/pdf-a-powerpoint\/","title":{"rendered":"PDF a PowerPoint"},"content":{"rendered":"<section class=\"py-6 lg:py-12  relative block   acf-upload\">\r\n\t<div class=\"inside_acf-upload\">\r\n\r\n\t\t<div class=\"max-w-screen-xl mx-auto z-10 relative  px-[24px] container\">\r\n    \r\n        \r\n\r\n    \t<div class=\"flex flex-col items-center justify-between lg:py-18  layout_stacked\">\r\n        <div class=\"w-full  upload_side left\">\r\n             \r\n\r\n\r\n<h1 class=\"h2 lg:h1 text-center lg:text-center mb-[0.3em]  font-bold\">\r\n    Convertir PDF a PowerPoint<\/h1>\r\n\r\n    <p class=\"mb-[2em] h4 lg:h3 text-center lg:text-center text-brandDarkGray font-bold subtitle\">\r\n        Transforma f\u00e1cilmente tus documentos PDF en presentaciones de PowerPoint    <\/p>\r\n        <\/div>\r\n        <div class=\"w-full mt-0  upload_side right\">\r\n            <div class=\"bg-white rounded-md shadow-brandSmall w-full lg:w-fit lg:mx-auto p-6 lg:p-8 drop_zone\" id=\"drop_zone_block_ff266ae78facc43a15ffbde825b63cb9\" data-url=\"https:\/\/dev.rushpdf.com\/app\/dashboard\/documents\/new\" data-url-after=\"&#038;convert=pptx\">\r\n    <div class=\"error-message bg-[#FDF6F6] items-center border-[#DB4E4E] border rounded-md p-4 gap-3 mb-6\">\r\n        <img decoding=\"async\" src=\"https:\/\/dev.rushpdf.com\/wp-content\/themes\/rushpdf\/images\/info.svg\" class=\"w-6 h-6 shrink-0\" \/>\r\n        <p class=\"grow text-[#DB4E4E] text-base\">Carga fallida: Aseg\u00farese de que su archivo tiene un formato v\u00e1lido y pesa menos de 100 MB.<\/p>\r\n    <\/div>\r\n\t\t<div class=\"dropper rounded-md flex flex-col justify-center text-center p-6 lg:p-8 relative\" style=\"\">\r\n\t\t\t\t\t<svg class=\"upload-icon w-24 mx-auto mb-8 lg:mb-6\" data-name=\"Layer 1\" xmlns=\"http:\/\/www.w3.org\/2000\/svg\" viewbox=\"0 0 81 75\" alt=\"Upload files\">\r\n\t\t\t\t<path d=\"M80.16,20.83H.5v-3.33C.5,8.31,7.98.83,17.17.83h8.43c1.54,0,3.09.36,4.47,1.05l10.52,5.26c.46.23.98.35,1.49.35h21.76c8.05,0,14.78,5.74,16.33,13.34ZM80.5,27.5v30c0,9.19-7.48,16.67-16.67,16.67H17.17c-9.19,0-16.67-7.48-16.67-16.67v-30h80ZM52.86,42.43l-5.38-5.38c-3.85-3.85-10.11-3.85-13.96,0l-5.38,5.38c-3.07,3.1,1.62,7.78,4.71,4.71l4.31-4.31v21.33c.02,4.36,6.65,4.36,6.67,0v-21.33l4.31,4.31c3.1,3.07,7.78-1.62,4.71-4.71Z\"\/>\r\n\t\t\t<\/svg>\r\n\t\t\r\n        <h3 class=\"h3 text-brandDarkGray font-bold mb-3 lg:mb-8 lg:block\">Arrastre y suelte el documento aqu\u00ed para cargarlo<\/h3>\r\n        <p class=\"h6 text-brandGray upload_instructions\">\r\n\r\n            \r\n                S\u00f3lo\r\n                                    PDF, JPG, PNG, Word, Excel (excepto CSV) y PowerPoint (&lt; 100 MB) permitidos\r\n\r\n                    <\/p>\r\n        <form action=\"https:\/\/dev.rushpdf.com\/wp-admin\/admin-post.php\" method=\"post\" enctype=\"multipart\/form-data\" class=\"upload-form relative z-20 w-full mx-auto\">\r\n\t\t\t<label class=\"btn-primary block w-full lg:w-fit mx-auto cursor-pointer upload_button\" style=\"\">\r\n                                    <input type=\"file\" name=\"file\" class=\"hidden fileUpload\" id=\"fileUpload_block_ff266ae78facc43a15ffbde825b63cb9\" accept=\"application\/pdf,image\/jpeg,image\/png,application\/doc,application\/ms-doc,application\/msword,application\/vnd.openxmlformats-officedocument.wordprocessingml.document,application\/excel,application\/vnd.ms-excel,application\/x-excel,application\/x-msexcel,application\/vnd.openxmlformats-officedocument.spreadsheetml.sheet,application\/mspowerpoint,application\/powerpoint,application\/vnd.ms-powerpoint,application\/x-mspowerpoint,application\/vnd.openxmlformats-officedocument.presentationml.presentation\" data-size-limit=\"100\" >\r\n                                Cargar desde el dispositivo            <\/label>\r\n            <input type=\"hidden\" name=\"action\" value=\"s3_upload_file\">\r\n            <input type=\"hidden\" name=\"upload_form_nonce\" value=\"11fc8f8e24\">\r\n\r\n            <p class=\"my-3 text-center text-brandGray\" id=\"form-output_block_ff266ae78facc43a15ffbde825b63cb9\"><\/p>\r\n\r\n        <\/form>\r\n        <div class=\"w-full h-full absolute top-0 left-0 z-10 dropHandlerElement\" data-dropzone=\"drop_zone_block_ff266ae78facc43a15ffbde825b63cb9\">\r\n        <\/div>\r\n        <div class=\"loader z-30 flex-col gap-4 items-center justify-center w-full h-full absolute top-0 left-0 bg-white text-2xl font-bold rounded-lg\">\r\n            <img decoding=\"async\" src=\"https:\/\/dev.rushpdf.com\/wp-content\/themes\/rushpdf\/images\/loader.svg\" class=\"w-24 h-24\" \/>\r\n            <span id=\"loadingText\">Cargando...<\/span>\r\n        <\/div>\r\n    <\/div>\r\n<\/div>\r\n        <\/div>\r\n    <\/div>\r\n\r\n\t\t<\/div>\r\n    <\/div>\r\n<\/section>\r\n\n\n\r\n\r\n<section class=\"py-10 lg:py-16  relative block   acf-content\">\r\n\t<div class=\"inside_acf-content\">\r\n\r\n\t\t<div class=\"max-w-screen-xl mx-auto z-10 relative  px-[24px] container\">\r\n    \r\n        \r\n\r\n     \r\n\r\n\r\n<h2 class=\"h3 lg:h2 text-center lg:text-center mb-[1em]  font-bold\">\r\n    C\u00f3mo convertir archivos PDF a PPT en l\u00ednea <\/h2>\r\n\r\n    <p class=\"mb-[1.5em] h5 lg:h3 text-center lg:text-center text-brandMediumGray font-bold subtitle\">\r\n        \u00bfNecesita convertir PDF a PowerPoint (PPT)? Nuestra sencilla herramienta en l\u00ednea le permite transformar r\u00e1pidamente sus archivos PDF en presentaciones de PowerPoint totalmente editables, manteniendo el dise\u00f1o, el formato y las im\u00e1genes originales.    <\/p>\r\n\r\n    \r\n    \r\n\t\t<\/div>\r\n    <\/div>\r\n<\/section>\r\n\n\n\r\n\r\n<section class=\"relative block   acf-content-with-image\">\r\n\t<div class=\"inside_acf-content-with-image\">\r\n\r\n\t\t<div class=\"max-w-screen-xl mx-auto z-10 relative  px-[24px] container\">\r\n    \r\n        \r\n\r\n    <div class=\"flex flex-col items-center pt-10 pb-12 lg:flex-row\">\r\n        <div class=\"w-full lg:w-6\/12 mb-6 lg:pr-12\">\r\n                            <div class=\"w-full h-auto bg-brandSnowGray rounded-md\">\r\n                    <img loading=\"lazy\" decoding=\"async\" width=\"3330\" height=\"1394\" src=\"https:\/\/dev.rushpdf.com\/wp-content\/uploads\/2024\/10\/Add-file-to-convert-from-pdf-to-ppt.png\" class=\"attachment-full size-full\" alt=\"una ventana emergente titulada &quot;A\u00f1ada su archivo&quot; que permite a los usuarios cargar documentos pdf para convertirlos en ppt\" srcset=\"https:\/\/dev.rushpdf.com\/wp-content\/uploads\/2024\/10\/Add-file-to-convert-from-pdf-to-ppt.png 3330w, https:\/\/dev.rushpdf.com\/wp-content\/uploads\/2024\/10\/Add-file-to-convert-from-pdf-to-ppt-300x126.png 300w, https:\/\/dev.rushpdf.com\/wp-content\/uploads\/2024\/10\/Add-file-to-convert-from-pdf-to-ppt-1024x429.png 1024w, https:\/\/dev.rushpdf.com\/wp-content\/uploads\/2024\/10\/Add-file-to-convert-from-pdf-to-ppt-768x321.png 768w, https:\/\/dev.rushpdf.com\/wp-content\/uploads\/2024\/10\/Add-file-to-convert-from-pdf-to-ppt-1536x643.png 1536w, https:\/\/dev.rushpdf.com\/wp-content\/uploads\/2024\/10\/Add-file-to-convert-from-pdf-to-ppt-2048x857.png 2048w\" sizes=\"auto, (max-width: 3330px) 100vw, 3330px\" \/>                <\/div>\r\n                    <\/div>\r\n        <div class=\"w-full lg:w-6\/12\">\r\n             \r\n\r\n\r\n\r\n\r\n                            <div class=\"prose\">\r\n                    <h3>Paso 1: Cargue su PDF<\/h3>\n<ul>\n<li><strong>Elegir archivo<\/strong>: Haz clic en el bot\u00f3n de carga o arrastra y suelta tu PDF en nuestro conversor.<\/li>\n<li><strong>Plataformas compatibles<\/strong>: Convierte PDF desde tu ordenador, tableta o smartphone sin problemas.<\/li>\n<\/ul>\n<h3>Paso 2: Convierte tu PDF a PPT<\/h3>\n<ul>\n<li><strong>Seleccionar formato de salida<\/strong>: Vaya a la pesta\u00f1a \"Convertir\" y elija PowerPoint (PPT) como formato deseado.<\/li>\n<li><strong>Confirmar ajustes<\/strong>: Ajusta la configuraci\u00f3n seg\u00fan sea necesario para optimizar el proceso de conversi\u00f3n.<\/li>\n<\/ul>\n                <\/div>\r\n            \r\n                    <\/div>\r\n    <\/div>\r\n\r\n\t\t<\/div>\r\n    <\/div>\r\n<\/section>\r\n\n\n\r\n\r\n<section class=\"relative block   acf-content-with-image\">\r\n\t<div class=\"inside_acf-content-with-image\">\r\n\r\n\t\t<div class=\"max-w-screen-xl mx-auto z-10 relative  px-[24px] container\">\r\n    \r\n        \r\n\r\n    <div class=\"flex flex-col items-center pt-10 pb-12 lg:flex-row-reverse\">\r\n        <div class=\"w-full lg:w-6\/12 mb-6 lg:pl-12\">\r\n                            <div class=\"w-full h-auto bg-brandSnowGray rounded-md\">\r\n                    <img loading=\"lazy\" decoding=\"async\" width=\"3406\" height=\"1698\" src=\"https:\/\/dev.rushpdf.com\/wp-content\/uploads\/2024\/10\/convert-from-pdf-to-ppt.png\" class=\"attachment-full size-full\" alt=\"una ventana emergente titulada &quot;Su documento est\u00e1 casi listo&quot; que permite a los usuarios elegir el formato en el que desean convertir el documento\" srcset=\"https:\/\/dev.rushpdf.com\/wp-content\/uploads\/2024\/10\/convert-from-pdf-to-ppt.png 3406w, https:\/\/dev.rushpdf.com\/wp-content\/uploads\/2024\/10\/convert-from-pdf-to-ppt-300x150.png 300w, https:\/\/dev.rushpdf.com\/wp-content\/uploads\/2024\/10\/convert-from-pdf-to-ppt-1024x510.png 1024w, https:\/\/dev.rushpdf.com\/wp-content\/uploads\/2024\/10\/convert-from-pdf-to-ppt-768x383.png 768w, https:\/\/dev.rushpdf.com\/wp-content\/uploads\/2024\/10\/convert-from-pdf-to-ppt-1536x766.png 1536w, https:\/\/dev.rushpdf.com\/wp-content\/uploads\/2024\/10\/convert-from-pdf-to-ppt-2048x1021.png 2048w\" sizes=\"auto, (max-width: 3406px) 100vw, 3406px\" \/>                <\/div>\r\n                    <\/div>\r\n        <div class=\"w-full lg:w-6\/12\">\r\n             \r\n\r\n\r\n\r\n\r\n                            <div class=\"prose\">\r\n                    <h3>Paso 3: Descargue y edite su PowerPoint<\/h3>\n<ul>\n<li><strong>Iniciar la conversi\u00f3n<\/strong>: Haz clic en \"Convertir\" para empezar a transformar tu PDF en una presentaci\u00f3n de PowerPoint.<\/li>\n<li><strong>Descargar PPT<\/strong>: Una vez finalizada la conversi\u00f3n, descarga tu nuevo archivo PPT en tu dispositivo.<\/li>\n<\/ul>\n                <\/div>\r\n            \r\n                    <\/div>\r\n    <\/div>\r\n\r\n\t\t<\/div>\r\n    <\/div>\r\n<\/section>\r\n\n\n\r\n\r\n<section class=\"py-10 lg:py-16  relative block   acf-features\">\r\n\t<div class=\"inside_acf-features\">\r\n\r\n\t\t<div class=\"max-w-screen-xl mx-auto z-10 relative  px-[24px] container\">\r\n    \r\n        \r\n\r\n \r\n\r\n\r\n<h2 class=\"h3 lg:h2 text-left lg:text-center mb-[1em]  font-bold\">\r\n    R\u00e1pido, f\u00e1cil y seguro<\/h2>\r\n\r\n\r\n    <div id=\"block_b028bb83e537c7af5c78775fce26886b\">\r\n        \r\n            \r\n                            \r\n\t\t\t\t<div class=\"tab_group active\" data-index=\"0\">\r\n                \r\n                                    <div class=\"flex lg:grid gap-5 mb-12 mt-6 tab-content  lg:grid-cols-3\">\r\n                         \r\n\r\n                            \r\n                                \r\n                                    <div class=\"card  rounded-md\">\r\n                                                                                    <img decoding=\"async\" src=\"https:\/\/dev.rushpdf.com\/wp-content\/uploads\/2024\/08\/ico-highlite.svg\" class=\"w-16 h-16 mb-3\" alt=\"Icono para convertir PDF a PPT sin esfuerzo\" \/>\r\n                                                                                <div class=\"flex gap-3 items-center\">\r\n                                                                                        <h4 class=\"h3 font-bold\">Conversi\u00f3n de PDF a PPT sin esfuerzo<\/h4>\r\n                                        <\/div>\r\n                                        <p>Nuestra plataforma ofrece una experiencia fluida e intuitiva para convertir PDF a PowerPoint. Tanto si es la primera vez que la utiliza como si es un profesional experimentado, la interfaz est\u00e1 dise\u00f1ada para una navegaci\u00f3n r\u00e1pida y sin complicaciones.<\/p>\r\n                                    <\/div>\r\n                                \r\n                            \r\n                         \r\n\r\n                            \r\n                                \r\n                                    <div class=\"card  rounded-md\">\r\n                                                                                    <img decoding=\"async\" src=\"https:\/\/dev.rushpdf.com\/wp-content\/uploads\/2024\/08\/team.svg\" class=\"w-16 h-16 mb-3\" alt=\"Icono para convertir PDF a PPT en cualquier momento y lugar\" \/>\r\n                                                                                <div class=\"flex gap-3 items-center\">\r\n                                                                                        <h4 class=\"h3 font-bold\">Convierte PDF a PPT en cualquier momento y lugar<\/h4>\r\n                                        <\/div>\r\n                                        <p>Convierte f\u00e1cilmente PDF a PPT desde cualquier lugar y en cualquier momento, utilizando tu dispositivo m\u00f3vil. Nuestra herramienta est\u00e1 optimizada para su uso sobre la marcha, lo que garantiza la flexibilidad sin comprometer la funcionalidad.\r\n\r\n<\/p>\r\n                                    <\/div>\r\n                                \r\n                            \r\n                         \r\n\r\n                            \r\n                                \r\n                                    <div class=\"card  rounded-md\">\r\n                                                                                    <img decoding=\"async\" src=\"https:\/\/dev.rushpdf.com\/wp-content\/uploads\/2024\/08\/document.svg\" class=\"w-16 h-16 mb-3\" alt=\"Icono de m\u00e1xima seguridad para sus documentos\" \/>\r\n                                                                                <div class=\"flex gap-3 items-center\">\r\n                                                                                        <h4 class=\"h3 font-bold\">M\u00e1xima seguridad para sus documentos<\/h4>\r\n                                        <\/div>\r\n                                        <p>Sus documentos est\u00e1n totalmente protegidos durante todo el proceso de conversi\u00f3n con s\u00f3lidas medidas de seguridad. Nos aseguramos de que sus archivos confidenciales permanezcan privados y seguros, para su total tranquilidad.<\/p>\r\n                                    <\/div>\r\n                                \r\n                            \r\n                                            <\/div>\r\n                \t\t\t\t<\/div>\r\n            \r\n        \r\n        \r\n    <\/div>\r\n\r\n\t\t<\/div>\r\n    <\/div>\r\n<\/section>","protected":false},"excerpt":{"rendered":"","protected":false},"author":4,"featured_media":0,"parent":0,"menu_order":0,"comment_status":"closed","ping_status":"closed","template":"page_templates\/page_builder.php","meta":{"_acf_changed":true,"footnotes":""},"class_list":["post-236","page","type-page","status-publish","hentry"],"acf":[],"yoast_head":"<!-- This site is optimized with the Yoast SEO plugin v23.5 - https:\/\/yoast.com\/wordpress\/plugins\/seo\/ -->\n<title>Convert PDF to Powerpoint. PDF to PPT slides online<\/title>\n<meta name=\"description\" content=\"Turn your PDF presentations to editable Powerpoint PPT and PPTX slideshows. Work with the most accurate PDF to Powerpoint converter\" \/>\n<meta name=\"robots\" content=\"noindex, follow, max-snippet:-1, max-image-preview:large, max-video-preview:-1\" \/>\n<meta property=\"og:locale\" content=\"es_ES\" \/>\n<meta property=\"og:type\" content=\"article\" \/>\n<meta property=\"og:title\" content=\"Convert PDF to Powerpoint. PDF to PPT slides online\" \/>\n<meta property=\"og:description\" content=\"Turn your PDF presentations to editable Powerpoint PPT and PPTX slideshows. Work with the most accurate PDF to Powerpoint converter\" \/>\n<meta property=\"og:url\" content=\"https:\/\/dev.rushpdf.com\/es\/pdf-a-powerpoint\/\" \/>\n<meta property=\"og:site_name\" content=\"RushPDF\" \/>\n<meta property=\"article:modified_time\" content=\"2025-05-08T11:11:24+00:00\" \/>\n<meta name=\"twitter:card\" content=\"summary_large_image\" \/>\n<script type=\"application\/ld+json\" class=\"yoast-schema-graph\">{\"@context\":\"https:\/\/schema.org\",\"@graph\":[{\"@type\":\"WebPage\",\"@id\":\"https:\/\/dev.rushpdf.com\/pdf-to-powerpoint\/\",\"url\":\"https:\/\/dev.rushpdf.com\/pdf-to-powerpoint\/\",\"name\":\"Convert PDF to Powerpoint. PDF to PPT slides online\",\"isPartOf\":{\"@id\":\"https:\/\/dev.rushpdf.com\/#website\"},\"datePublished\":\"2024-09-11T16:11:48+00:00\",\"dateModified\":\"2025-05-08T11:11:24+00:00\",\"description\":\"Turn your PDF presentations to editable Powerpoint PPT and PPTX slideshows. Work with the most accurate PDF to Powerpoint converter\",\"breadcrumb\":{\"@id\":\"https:\/\/dev.rushpdf.com\/pdf-to-powerpoint\/#breadcrumb\"},\"inLanguage\":\"es\",\"potentialAction\":[{\"@type\":\"ReadAction\",\"target\":[\"https:\/\/dev.rushpdf.com\/pdf-to-powerpoint\/\"]}]},{\"@type\":\"BreadcrumbList\",\"@id\":\"https:\/\/dev.rushpdf.com\/pdf-to-powerpoint\/#breadcrumb\",\"itemListElement\":[{\"@type\":\"ListItem\",\"position\":1,\"name\":\"Home\",\"item\":\"https:\/\/dev.rushpdf.com\/\"},{\"@type\":\"ListItem\",\"position\":2,\"name\":\"PDF to PowerPoint\"}]},{\"@type\":\"WebSite\",\"@id\":\"https:\/\/dev.rushpdf.com\/#website\",\"url\":\"https:\/\/dev.rushpdf.com\/\",\"name\":\"RushPDF\",\"description\":\"Your SUPER-powered PDF Tools\",\"publisher\":{\"@id\":\"https:\/\/dev.rushpdf.com\/#organization\"},\"potentialAction\":[{\"@type\":\"SearchAction\",\"target\":{\"@type\":\"EntryPoint\",\"urlTemplate\":\"https:\/\/dev.rushpdf.com\/?s={search_term_string}\"},\"query-input\":{\"@type\":\"PropertyValueSpecification\",\"valueRequired\":true,\"valueName\":\"search_term_string\"}}],\"inLanguage\":\"es\"},{\"@type\":\"Organization\",\"@id\":\"https:\/\/dev.rushpdf.com\/#organization\",\"name\":\"RushPDF\",\"url\":\"https:\/\/dev.rushpdf.com\/\",\"logo\":{\"@type\":\"ImageObject\",\"inLanguage\":\"es\",\"@id\":\"https:\/\/dev.rushpdf.com\/#\/schema\/logo\/image\/\",\"url\":\"https:\/\/dev.rushpdf.com\/wp-content\/uploads\/2024\/07\/rushpdf_icon180.png\",\"contentUrl\":\"https:\/\/dev.rushpdf.com\/wp-content\/uploads\/2024\/07\/rushpdf_icon180.png\",\"width\":180,\"height\":180,\"caption\":\"RushPDF\"},\"image\":{\"@id\":\"https:\/\/dev.rushpdf.com\/#\/schema\/logo\/image\/\"}}]}<\/script>\n<!-- \/ Yoast SEO plugin. -->","yoast_head_json":{"title":"Convert PDF to Powerpoint. PDF to PPT slides online","description":"Turn your PDF presentations to editable Powerpoint PPT and PPTX slideshows. Work with the most accurate PDF to Powerpoint converter","robots":{"index":"noindex","follow":"follow","max-snippet":"max-snippet:-1","max-image-preview":"max-image-preview:large","max-video-preview":"max-video-preview:-1"},"og_locale":"es_ES","og_type":"article","og_title":"Convert PDF to Powerpoint. PDF to PPT slides online","og_description":"Turn your PDF presentations to editable Powerpoint PPT and PPTX slideshows. Work with the most accurate PDF to Powerpoint converter","og_url":"https:\/\/dev.rushpdf.com\/es\/pdf-a-powerpoint\/","og_site_name":"RushPDF","article_modified_time":"2025-05-08T11:11:24+00:00","twitter_card":"summary_large_image","schema":{"@context":"https:\/\/schema.org","@graph":[{"@type":"WebPage","@id":"https:\/\/dev.rushpdf.com\/pdf-to-powerpoint\/","url":"https:\/\/dev.rushpdf.com\/pdf-to-powerpoint\/","name":"Convert PDF to Powerpoint. PDF to PPT slides online","isPartOf":{"@id":"https:\/\/dev.rushpdf.com\/#website"},"datePublished":"2024-09-11T16:11:48+00:00","dateModified":"2025-05-08T11:11:24+00:00","description":"Turn your PDF presentations to editable Powerpoint PPT and PPTX slideshows. Work with the most accurate PDF to Powerpoint converter","breadcrumb":{"@id":"https:\/\/dev.rushpdf.com\/pdf-to-powerpoint\/#breadcrumb"},"inLanguage":"es","potentialAction":[{"@type":"ReadAction","target":["https:\/\/dev.rushpdf.com\/pdf-to-powerpoint\/"]}]},{"@type":"BreadcrumbList","@id":"https:\/\/dev.rushpdf.com\/pdf-to-powerpoint\/#breadcrumb","itemListElement":[{"@type":"ListItem","position":1,"name":"Home","item":"https:\/\/dev.rushpdf.com\/"},{"@type":"ListItem","position":2,"name":"PDF to PowerPoint"}]},{"@type":"WebSite","@id":"https:\/\/dev.rushpdf.com\/#website","url":"https:\/\/dev.rushpdf.com\/","name":"RushPDF","description":"Your SUPER-powered PDF Tools","publisher":{"@id":"https:\/\/dev.rushpdf.com\/#organization"},"potentialAction":[{"@type":"SearchAction","target":{"@type":"EntryPoint","urlTemplate":"https:\/\/dev.rushpdf.com\/?s={search_term_string}"},"query-input":{"@type":"PropertyValueSpecification","valueRequired":true,"valueName":"search_term_string"}}],"inLanguage":"es"},{"@type":"Organization","@id":"https:\/\/dev.rushpdf.com\/#organization","name":"RushPDF","url":"https:\/\/dev.rushpdf.com\/","logo":{"@type":"ImageObject","inLanguage":"es","@id":"https:\/\/dev.rushpdf.com\/#\/schema\/logo\/image\/","url":"https:\/\/dev.rushpdf.com\/wp-content\/uploads\/2024\/07\/rushpdf_icon180.png","contentUrl":"https:\/\/dev.rushpdf.com\/wp-content\/uploads\/2024\/07\/rushpdf_icon180.png","width":180,"height":180,"caption":"RushPDF"},"image":{"@id":"https:\/\/dev.rushpdf.com\/#\/schema\/logo\/image\/"}}]}},"jetpack_sharing_enabled":true,"_links":{"self":[{"href":"https:\/\/dev.rushpdf.com\/es\/wp-json\/wp\/v2\/pages\/236","targetHints":{"allow":["GET"]}}],"collection":[{"href":"https:\/\/dev.rushpdf.com\/es\/wp-json\/wp\/v2\/pages"}],"about":[{"href":"https:\/\/dev.rushpdf.com\/es\/wp-json\/wp\/v2\/types\/page"}],"author":[{"embeddable":true,"href":"https:\/\/dev.rushpdf.com\/es\/wp-json\/wp\/v2\/users\/4"}],"replies":[{"embeddable":true,"href":"https:\/\/dev.rushpdf.com\/es\/wp-json\/wp\/v2\/comments?post=236"}],"version-history":[{"count":0,"href":"https:\/\/dev.rushpdf.com\/es\/wp-json\/wp\/v2\/pages\/236\/revisions"}],"wp:attachment":[{"href":"https:\/\/dev.rushpdf.com\/es\/wp-json\/wp\/v2\/media?parent=236"}],"curies":[{"name":"wp","href":"https:\/\/api.w.org\/{rel}","templated":true}]}}