{"id":252,"date":"2024-09-11T15:45:14","date_gmt":"2024-09-11T15:45:14","guid":{"rendered":"https:\/\/rushpdf.com\/?page_id=252"},"modified":"2025-05-08T11:07:41","modified_gmt":"2025-05-08T11:07:41","slug":"pdf-to-excel","status":"publish","type":"page","link":"https:\/\/dev.rushpdf.com\/de\/pdf-zu-excel\/","title":{"rendered":"PDF in Excel oder CSV konvertieren"},"content":{"rendered":"<section class=\"py-6 lg:py-12  relative block   acf-upload\">\r\n\t<div class=\"inside_acf-upload\">\r\n\r\n\t\t<div class=\"max-w-screen-xl mx-auto z-10 relative  px-[24px] container\">\r\n    \r\n        \r\n\r\n    \t<div class=\"flex flex-col items-center justify-between lg:py-18  layout_stacked\">\r\n        <div class=\"w-full  upload_side left\">\r\n             \r\n\r\n\r\n<h1 class=\"h2 lg:h1 text-center lg:text-center mb-[0.3em]  font-bold\">\r\n    PDF in Excel oder CSV konvertieren<\/h1>\r\n\r\n    <p class=\"mb-[2em] h4 lg:h3 text-center lg:text-center  font-bold subtitle\">\r\n        Konvertieren Sie Ihre PDF-Dateien mit nur wenigen Klicks in Excel oder CSV    <\/p>\r\n        <\/div>\r\n        <div class=\"w-full mt-0  upload_side right\">\r\n            <div class=\"bg-white rounded-md shadow-brandSmall w-full lg:w-fit lg:mx-auto p-6 lg:p-8 drop_zone\" id=\"drop_zone_block_da37e66f7cd1e8c54cbac32415090bd7\" data-url=\"https:\/\/dev.rushpdf.com\/app\/dashboard\/documents\/new\" data-url-after=\"&#038;convert=xlsx\">\r\n    <div class=\"error-message bg-[#FDF6F6] items-center border-[#DB4E4E] border rounded-md p-4 gap-3 mb-6\">\r\n        <img decoding=\"async\" src=\"https:\/\/dev.rushpdf.com\/wp-content\/themes\/rushpdf\/images\/info.svg\" class=\"w-6 h-6 shrink-0\" \/>\r\n        <p class=\"grow text-[#DB4E4E] text-base\">Hochladen fehlgeschlagen: Stellen Sie sicher, dass Ihre Datei ein g\u00fcltiges Format hat und weniger als 90 MB gro\u00df ist.<\/p>\r\n    <\/div>\r\n\t\t<div class=\"dropper rounded-md flex flex-col justify-center text-center p-6 lg:p-8 relative\" style=\"\">\r\n\t\t\t\t\t<svg class=\"upload-icon w-24 mx-auto mb-8 lg:mb-6\" data-name=\"Layer 1\" xmlns=\"http:\/\/www.w3.org\/2000\/svg\" viewbox=\"0 0 81 75\" alt=\"Upload files\">\r\n\t\t\t\t<path d=\"M80.16,20.83H.5v-3.33C.5,8.31,7.98.83,17.17.83h8.43c1.54,0,3.09.36,4.47,1.05l10.52,5.26c.46.23.98.35,1.49.35h21.76c8.05,0,14.78,5.74,16.33,13.34ZM80.5,27.5v30c0,9.19-7.48,16.67-16.67,16.67H17.17c-9.19,0-16.67-7.48-16.67-16.67v-30h80ZM52.86,42.43l-5.38-5.38c-3.85-3.85-10.11-3.85-13.96,0l-5.38,5.38c-3.07,3.1,1.62,7.78,4.71,4.71l4.31-4.31v21.33c.02,4.36,6.65,4.36,6.67,0v-21.33l4.31,4.31c3.1,3.07,7.78-1.62,4.71-4.71Z\"\/>\r\n\t\t\t<\/svg>\r\n\t\t\r\n        <h3 class=\"h3 text-brandDarkGray font-bold mb-3 lg:mb-8 lg:block\">Dokument zum Hochladen hierher ziehen und ablegen<\/h3>\r\n        <p class=\"h6 text-brandGray upload_instructions\">\r\n\r\n            \r\n                Nur\r\n                                    PDF (&lt; 90 MB) erlaubt\r\n\r\n                    <\/p>\r\n        <form action=\"https:\/\/dev.rushpdf.com\/wp-admin\/admin-post.php\" method=\"post\" enctype=\"multipart\/form-data\" class=\"upload-form relative z-20 w-full mx-auto\">\r\n\t\t\t<label class=\"btn-primary block w-full lg:w-fit mx-auto cursor-pointer upload_button\" style=\"\">\r\n                                    <input type=\"file\" name=\"file\" class=\"hidden fileUpload\" id=\"fileUpload_block_da37e66f7cd1e8c54cbac32415090bd7\" accept=\"application\/pdf\" data-size-limit=\"90\" >\r\n                                Vom Ger\u00e4t hochladen            <\/label>\r\n            <input type=\"hidden\" name=\"action\" value=\"s3_upload_file\">\r\n            <input type=\"hidden\" name=\"upload_form_nonce\" value=\"fc8519c8e4\">\r\n\r\n            <p class=\"my-3 text-center text-brandGray\" id=\"form-output_block_da37e66f7cd1e8c54cbac32415090bd7\"><\/p>\r\n\r\n        <\/form>\r\n        <div class=\"w-full h-full absolute top-0 left-0 z-10 dropHandlerElement\" data-dropzone=\"drop_zone_block_da37e66f7cd1e8c54cbac32415090bd7\">\r\n        <\/div>\r\n        <div class=\"loader z-30 flex-col gap-4 items-center justify-center w-full h-full absolute top-0 left-0 bg-white text-2xl font-bold rounded-lg\">\r\n            <img decoding=\"async\" src=\"https:\/\/dev.rushpdf.com\/wp-content\/themes\/rushpdf\/images\/loader.svg\" class=\"w-24 h-24\" \/>\r\n            <span id=\"loadingText\">Laden...<\/span>\r\n        <\/div>\r\n    <\/div>\r\n<\/div>\r\n        <\/div>\r\n    <\/div>\r\n\r\n\t\t<\/div>\r\n    <\/div>\r\n<\/section>\r\n\n\n\r\n\r\n<section class=\"py-10 lg:py-16  relative block   acf-content\">\r\n\t<div class=\"inside_acf-content\">\r\n\r\n\t\t<div class=\"max-w-screen-xl mx-auto z-10 relative  px-[24px] container\">\r\n    \r\n        \r\n\r\n     \r\n\r\n\r\n<h2 class=\"h3 lg:h2 text-center lg:text-center mb-[1em]  font-bold\">\r\n    PDF in Excel oder CSV kostenlos konvertieren<\/h2>\r\n\r\n    <p class=\"mb-[1.5em] h5 lg:h3 text-left lg:text-center text-brandMediumGray font-bold subtitle\">\r\n        Wandeln Sie Ihre PDFs sofort in bearbeitbare Excel- oder CSV-Dateien um. Unser fortschrittliches Tool ist ideal f\u00fcr Fachleute und Analysten. Es bewahrt die Formatierung Ihrer Daten und sorgt daf\u00fcr, dass Tabellen, Diagramme und Informationen pr\u00e4zise in dynamische Tabellenkalkulationen umgewandelt werden.    <\/p>\r\n\r\n    \r\n    \r\n\t\t<\/div>\r\n    <\/div>\r\n<\/section>\r\n\n\n\r\n\r\n<section class=\"relative block   acf-content-with-image\">\r\n\t<div class=\"inside_acf-content-with-image\">\r\n\r\n\t\t<div class=\"max-w-screen-xl mx-auto z-10 relative  px-[24px] container\">\r\n    \r\n        \r\n\r\n    <div class=\"flex flex-col items-center pt-10 pb-12 lg:flex-row\">\r\n        <div class=\"w-full lg:w-6\/12 mb-6 lg:pr-12\">\r\n                            <div class=\"w-full h-auto bg-brandSnowGray rounded-md\">\r\n                    <img loading=\"lazy\" decoding=\"async\" width=\"3330\" height=\"1394\" src=\"https:\/\/dev.rushpdf.com\/wp-content\/uploads\/2024\/10\/Add-file-to-convert-from-pdf-to-excel.png\" class=\"attachment-full size-full\" alt=\"Pop-up-Fenster mit dem Titel &quot;F\u00fcgen Sie Ihre Datei hinzu&quot;, das es den Nutzern erm\u00f6glicht, PDF-Dokumente hochzuladen, um sie in Excel oder CSV zu konvertieren\" srcset=\"https:\/\/dev.rushpdf.com\/wp-content\/uploads\/2024\/10\/Add-file-to-convert-from-pdf-to-excel.png 3330w, https:\/\/dev.rushpdf.com\/wp-content\/uploads\/2024\/10\/Add-file-to-convert-from-pdf-to-excel-300x126.png 300w, https:\/\/dev.rushpdf.com\/wp-content\/uploads\/2024\/10\/Add-file-to-convert-from-pdf-to-excel-1024x429.png 1024w, https:\/\/dev.rushpdf.com\/wp-content\/uploads\/2024\/10\/Add-file-to-convert-from-pdf-to-excel-768x321.png 768w, https:\/\/dev.rushpdf.com\/wp-content\/uploads\/2024\/10\/Add-file-to-convert-from-pdf-to-excel-1536x643.png 1536w, https:\/\/dev.rushpdf.com\/wp-content\/uploads\/2024\/10\/Add-file-to-convert-from-pdf-to-excel-2048x857.png 2048w\" sizes=\"auto, (max-width: 3330px) 100vw, 3330px\" \/>                <\/div>\r\n                    <\/div>\r\n        <div class=\"w-full lg:w-6\/12\">\r\n             \r\n\r\n\r\n\r\n\r\n                            <div class=\"prose\">\r\n                    <h3>Schritt 1: Hochladen Ihrer PDF-Datei<\/h3>\n<p>Ziehen Sie Ihre PDF-Datei per Drag &amp; Drop in den Konverter oder klicken Sie auf die Schaltfl\u00e4che \"Hochladen\", um die Datei auf Ihrem Ger\u00e4t zu suchen und auszuw\u00e4hlen.<\/p>\n<h3>Schritt 2: W\u00e4hlen Sie Ihr Ausgabeformat<\/h3>\n<p>W\u00e4hlen Sie je nach Bedarf, ob Sie Ihre PDF-Datei in eine Excel- (.xlsx) oder eine CSV-Datei (.csv) umwandeln m\u00f6chten.<\/p>\n                <\/div>\r\n            \r\n                    <\/div>\r\n    <\/div>\r\n\r\n\t\t<\/div>\r\n    <\/div>\r\n<\/section>\r\n\n\n\r\n\r\n<section class=\"relative block   acf-content-with-image\">\r\n\t<div class=\"inside_acf-content-with-image\">\r\n\r\n\t\t<div class=\"max-w-screen-xl mx-auto z-10 relative  px-[24px] container\">\r\n    \r\n        \r\n\r\n    <div class=\"flex flex-col items-center pt-10 pb-12 lg:flex-row-reverse\">\r\n        <div class=\"w-full lg:w-6\/12 mb-6 lg:pl-12\">\r\n                            <div class=\"w-full h-auto bg-brandSnowGray rounded-md\">\r\n                    <img loading=\"lazy\" decoding=\"async\" width=\"3408\" height=\"1698\" src=\"https:\/\/dev.rushpdf.com\/wp-content\/uploads\/2024\/10\/convert-pdf-to-excel-or-csv.png\" class=\"attachment-full size-full\" alt=\"Pop-up-Fenster mit dem Titel &quot;Ihr Dokument ist fast fertig&quot;, in dem der Benutzer das Format ausw\u00e4hlen kann, in das er das Dokument konvertieren m\u00f6chte\" srcset=\"https:\/\/dev.rushpdf.com\/wp-content\/uploads\/2024\/10\/convert-pdf-to-excel-or-csv.png 3408w, https:\/\/dev.rushpdf.com\/wp-content\/uploads\/2024\/10\/convert-pdf-to-excel-or-csv-300x149.png 300w, https:\/\/dev.rushpdf.com\/wp-content\/uploads\/2024\/10\/convert-pdf-to-excel-or-csv-1024x510.png 1024w, https:\/\/dev.rushpdf.com\/wp-content\/uploads\/2024\/10\/convert-pdf-to-excel-or-csv-768x383.png 768w, https:\/\/dev.rushpdf.com\/wp-content\/uploads\/2024\/10\/convert-pdf-to-excel-or-csv-1536x765.png 1536w, https:\/\/dev.rushpdf.com\/wp-content\/uploads\/2024\/10\/convert-pdf-to-excel-or-csv-2048x1020.png 2048w\" sizes=\"auto, (max-width: 3408px) 100vw, 3408px\" \/>                <\/div>\r\n                    <\/div>\r\n        <div class=\"w-full lg:w-6\/12\">\r\n             \r\n\r\n\r\n\r\n\r\n                            <div class=\"prose\">\r\n                    <h3>Schritt 3: Sofortige Konvertierung<\/h3>\n<p>Klicken Sie auf \"Konvertieren\" und beobachten Sie, wie unser Tool Ihre Datei schnell verarbeitet und alle Daten unter Beibehaltung der Formatierung genau erfasst.<\/p>\n<h3>Schritt 4: Herunterladen der konvertierten Datei<\/h3>\n<p>Sobald die Konvertierung abgeschlossen ist, laden Sie Ihre neu erstellte Excel- oder CSV-Datei herunter. Sie k\u00f6nnen sie sofort bearbeiten, analysieren oder weitergeben.<\/p>\n                <\/div>\r\n            \r\n                    <\/div>\r\n    <\/div>\r\n\r\n\t\t<\/div>\r\n    <\/div>\r\n<\/section>\r\n\n\n\r\n\r\n<section class=\"py-12 lg:py-20  relative block   acf-features\">\r\n\t<div class=\"inside_acf-features\">\r\n\r\n\t\t<div class=\"max-w-screen-xl mx-auto z-10 relative  px-[24px] container\">\r\n    \r\n        \r\n\r\n \r\n\r\n\r\n<h2 class=\"h3 lg:h2 text-center lg:text-center mb-[1em]  font-bold\">\r\n    Pr\u00e4zise, bequem, m\u00fchelos<\/h2>\r\n\r\n\r\n    <div id=\"block_6a59f7841c9714243aea548902e1b73e\">\r\n        \r\n            \r\n                            \r\n\t\t\t\t<div class=\"tab_group active\" data-index=\"0\">\r\n                \r\n                                    <div class=\"flex lg:grid gap-5 mb-12 mt-6 tab-content  lg:grid-cols-3\">\r\n                         \r\n\r\n                            \r\n                                \r\n                                    <div class=\"card  rounded-md\">\r\n                                                                                    <img decoding=\"async\" src=\"https:\/\/dev.rushpdf.com\/wp-content\/uploads\/2024\/08\/sqr-convert.svg\" class=\"w-16 h-16 mb-3\" alt=\"Symbol f\u00fcr Pr\u00e4zisionsumrechnung\" \/>\r\n                                                                                <div class=\"flex gap-3 items-center\">\r\n                                                                                        <h4 class=\"h3 font-bold\">Pr\u00e4zise Konvertierung<\/h4>\r\n                                        <\/div>\r\n                                        <p>Unser Tool erkennt Tabellen und Daten in Ihrem PDF genau und konvertiert sie in ein bearbeitbares Format, ohne dass Details verloren gehen.<\/p>\r\n                                    <\/div>\r\n                                \r\n                            \r\n                         \r\n\r\n                            \r\n                                \r\n                                    <div class=\"card  rounded-md\">\r\n                                                                                    <img decoding=\"async\" src=\"https:\/\/dev.rushpdf.com\/wp-content\/uploads\/2024\/08\/merge-extract.svg\" class=\"w-16 h-16 mb-3\" alt=\"Symbol f\u00fcr keine Software-Installation\" \/>\r\n                                                                                <div class=\"flex gap-3 items-center\">\r\n                                                                                        <h4 class=\"h3 font-bold\">Keine Software-Installation<\/h4>\r\n                                        <\/div>\r\n                                        <p>Konvertieren Sie Ihre Dateien direkt von Ihrem Browser aus - Sie m\u00fcssen nichts herunterladen oder installieren.<\/p>\r\n                                    <\/div>\r\n                                \r\n                            \r\n                         \r\n\r\n                            \r\n                                \r\n                                    <div class=\"card  rounded-md\">\r\n                                                                                    <img decoding=\"async\" src=\"https:\/\/dev.rushpdf.com\/wp-content\/uploads\/2024\/08\/team.svg\" class=\"w-16 h-16 mb-3\" alt=\"Icon f\u00fcr benutzerfreundliche Schnittstelle\" \/>\r\n                                                                                <div class=\"flex gap-3 items-center\">\r\n                                                                                        <h4 class=\"h3 font-bold\">Benutzerfreundliches Interface<\/h4>\r\n                                        <\/div>\r\n                                        <p>Unser einfacher und intuitiver Konverter ist f\u00fcr jeden geeignet, unabh\u00e4ngig von seinen technischen F\u00e4higkeiten.<\/p>\r\n                                    <\/div>\r\n                                \r\n                            \r\n                                            <\/div>\r\n                \t\t\t\t<\/div>\r\n            \r\n        \r\n        \r\n    <\/div>\r\n\r\n\t\t<\/div>\r\n    <\/div>\r\n<\/section>","protected":false},"excerpt":{"rendered":"","protected":false},"author":10,"featured_media":0,"parent":0,"menu_order":0,"comment_status":"closed","ping_status":"closed","template":"page_templates\/page_builder.php","meta":{"_acf_changed":true,"footnotes":""},"class_list":["post-252","page","type-page","status-publish","hentry"],"acf":[],"yoast_head":"<!-- This site is optimized with the Yoast SEO plugin v23.5 - https:\/\/yoast.com\/wordpress\/plugins\/seo\/ -->\n<title>PDF to Excel or CSV<\/title>\n<meta name=\"description\" content=\"Convert PDF to Excel or CSV. Extract table data from PDF. Online, no installation or registration required. It&#039;s free, quick and easy to use.\" \/>\n<meta name=\"robots\" content=\"noindex, follow, max-snippet:-1, max-image-preview:large, max-video-preview:-1\" \/>\n<meta property=\"og:locale\" content=\"de_DE\" \/>\n<meta property=\"og:type\" content=\"article\" \/>\n<meta property=\"og:title\" content=\"PDF to Excel or CSV\" \/>\n<meta property=\"og:description\" content=\"Convert PDF to Excel or CSV. Extract table data from PDF. Online, no installation or registration required. It&#039;s free, quick and easy to use.\" \/>\n<meta property=\"og:url\" content=\"https:\/\/dev.rushpdf.com\/de\/pdf-zu-excel\/\" \/>\n<meta property=\"og:site_name\" content=\"RushPDF\" \/>\n<meta property=\"article:modified_time\" content=\"2025-05-08T11:07:41+00:00\" \/>\n<meta name=\"twitter:card\" content=\"summary_large_image\" \/>\n<script type=\"application\/ld+json\" class=\"yoast-schema-graph\">{\"@context\":\"https:\/\/schema.org\",\"@graph\":[{\"@type\":\"WebPage\",\"@id\":\"https:\/\/dev.rushpdf.com\/pdf-to-excel\/\",\"url\":\"https:\/\/dev.rushpdf.com\/pdf-to-excel\/\",\"name\":\"PDF to Excel or CSV\",\"isPartOf\":{\"@id\":\"https:\/\/dev.rushpdf.com\/#website\"},\"datePublished\":\"2024-09-11T15:45:14+00:00\",\"dateModified\":\"2025-05-08T11:07:41+00:00\",\"description\":\"Convert PDF to Excel or CSV. Extract table data from PDF. Online, no installation or registration required. It's free, quick and easy to use.\",\"breadcrumb\":{\"@id\":\"https:\/\/dev.rushpdf.com\/pdf-to-excel\/#breadcrumb\"},\"inLanguage\":\"de\",\"potentialAction\":[{\"@type\":\"ReadAction\",\"target\":[\"https:\/\/dev.rushpdf.com\/pdf-to-excel\/\"]}]},{\"@type\":\"BreadcrumbList\",\"@id\":\"https:\/\/dev.rushpdf.com\/pdf-to-excel\/#breadcrumb\",\"itemListElement\":[{\"@type\":\"ListItem\",\"position\":1,\"name\":\"Home\",\"item\":\"https:\/\/dev.rushpdf.com\/\"},{\"@type\":\"ListItem\",\"position\":2,\"name\":\"PPT to Excel\"}]},{\"@type\":\"WebSite\",\"@id\":\"https:\/\/dev.rushpdf.com\/#website\",\"url\":\"https:\/\/dev.rushpdf.com\/\",\"name\":\"RushPDF\",\"description\":\"Your SUPER-powered PDF Tools\",\"publisher\":{\"@id\":\"https:\/\/dev.rushpdf.com\/#organization\"},\"potentialAction\":[{\"@type\":\"SearchAction\",\"target\":{\"@type\":\"EntryPoint\",\"urlTemplate\":\"https:\/\/dev.rushpdf.com\/?s={search_term_string}\"},\"query-input\":{\"@type\":\"PropertyValueSpecification\",\"valueRequired\":true,\"valueName\":\"search_term_string\"}}],\"inLanguage\":\"de\"},{\"@type\":\"Organization\",\"@id\":\"https:\/\/dev.rushpdf.com\/#organization\",\"name\":\"RushPDF\",\"url\":\"https:\/\/dev.rushpdf.com\/\",\"logo\":{\"@type\":\"ImageObject\",\"inLanguage\":\"de\",\"@id\":\"https:\/\/dev.rushpdf.com\/#\/schema\/logo\/image\/\",\"url\":\"https:\/\/dev.rushpdf.com\/wp-content\/uploads\/2024\/07\/rushpdf_icon180.png\",\"contentUrl\":\"https:\/\/dev.rushpdf.com\/wp-content\/uploads\/2024\/07\/rushpdf_icon180.png\",\"width\":180,\"height\":180,\"caption\":\"RushPDF\"},\"image\":{\"@id\":\"https:\/\/dev.rushpdf.com\/#\/schema\/logo\/image\/\"}}]}<\/script>\n<!-- \/ Yoast SEO plugin. -->","yoast_head_json":{"title":"PDF to Excel or CSV","description":"Convert PDF to Excel or CSV. Extract table data from PDF. Online, no installation or registration required. It's free, quick and easy to use.","robots":{"index":"noindex","follow":"follow","max-snippet":"max-snippet:-1","max-image-preview":"max-image-preview:large","max-video-preview":"max-video-preview:-1"},"og_locale":"de_DE","og_type":"article","og_title":"PDF to Excel or CSV","og_description":"Convert PDF to Excel or CSV. Extract table data from PDF. Online, no installation or registration required. It's free, quick and easy to use.","og_url":"https:\/\/dev.rushpdf.com\/de\/pdf-zu-excel\/","og_site_name":"RushPDF","article_modified_time":"2025-05-08T11:07:41+00:00","twitter_card":"summary_large_image","schema":{"@context":"https:\/\/schema.org","@graph":[{"@type":"WebPage","@id":"https:\/\/dev.rushpdf.com\/pdf-to-excel\/","url":"https:\/\/dev.rushpdf.com\/pdf-to-excel\/","name":"PDF to Excel or CSV","isPartOf":{"@id":"https:\/\/dev.rushpdf.com\/#website"},"datePublished":"2024-09-11T15:45:14+00:00","dateModified":"2025-05-08T11:07:41+00:00","description":"Convert PDF to Excel or CSV. Extract table data from PDF. Online, no installation or registration required. It's free, quick and easy to use.","breadcrumb":{"@id":"https:\/\/dev.rushpdf.com\/pdf-to-excel\/#breadcrumb"},"inLanguage":"de","potentialAction":[{"@type":"ReadAction","target":["https:\/\/dev.rushpdf.com\/pdf-to-excel\/"]}]},{"@type":"BreadcrumbList","@id":"https:\/\/dev.rushpdf.com\/pdf-to-excel\/#breadcrumb","itemListElement":[{"@type":"ListItem","position":1,"name":"Home","item":"https:\/\/dev.rushpdf.com\/"},{"@type":"ListItem","position":2,"name":"PPT to Excel"}]},{"@type":"WebSite","@id":"https:\/\/dev.rushpdf.com\/#website","url":"https:\/\/dev.rushpdf.com\/","name":"RushPDF","description":"Your SUPER-powered PDF Tools","publisher":{"@id":"https:\/\/dev.rushpdf.com\/#organization"},"potentialAction":[{"@type":"SearchAction","target":{"@type":"EntryPoint","urlTemplate":"https:\/\/dev.rushpdf.com\/?s={search_term_string}"},"query-input":{"@type":"PropertyValueSpecification","valueRequired":true,"valueName":"search_term_string"}}],"inLanguage":"de"},{"@type":"Organization","@id":"https:\/\/dev.rushpdf.com\/#organization","name":"RushPDF","url":"https:\/\/dev.rushpdf.com\/","logo":{"@type":"ImageObject","inLanguage":"de","@id":"https:\/\/dev.rushpdf.com\/#\/schema\/logo\/image\/","url":"https:\/\/dev.rushpdf.com\/wp-content\/uploads\/2024\/07\/rushpdf_icon180.png","contentUrl":"https:\/\/dev.rushpdf.com\/wp-content\/uploads\/2024\/07\/rushpdf_icon180.png","width":180,"height":180,"caption":"RushPDF"},"image":{"@id":"https:\/\/dev.rushpdf.com\/#\/schema\/logo\/image\/"}}]}},"jetpack_sharing_enabled":true,"_links":{"self":[{"href":"https:\/\/dev.rushpdf.com\/de\/wp-json\/wp\/v2\/pages\/252","targetHints":{"allow":["GET"]}}],"collection":[{"href":"https:\/\/dev.rushpdf.com\/de\/wp-json\/wp\/v2\/pages"}],"about":[{"href":"https:\/\/dev.rushpdf.com\/de\/wp-json\/wp\/v2\/types\/page"}],"author":[{"embeddable":true,"href":"https:\/\/dev.rushpdf.com\/de\/wp-json\/wp\/v2\/users\/10"}],"replies":[{"embeddable":true,"href":"https:\/\/dev.rushpdf.com\/de\/wp-json\/wp\/v2\/comments?post=252"}],"version-history":[{"count":0,"href":"https:\/\/dev.rushpdf.com\/de\/wp-json\/wp\/v2\/pages\/252\/revisions"}],"wp:attachment":[{"href":"https:\/\/dev.rushpdf.com\/de\/wp-json\/wp\/v2\/media?parent=252"}],"curies":[{"name":"wp","href":"https:\/\/api.w.org\/{rel}","templated":true}]}}