{"id":232,"date":"2024-09-11T14:50:24","date_gmt":"2024-09-11T14:50:24","guid":{"rendered":"https:\/\/rushpdf.com\/?page_id=232"},"modified":"2024-12-11T14:02:35","modified_gmt":"2024-12-11T14:02:35","slug":"rename-pdf","status":"publish","type":"page","link":"https:\/\/dev.rushpdf.com\/de\/pdf-umbenennen\/","title":{"rendered":"PDF nach Textinhalt umbenennen"},"content":{"rendered":"<section class=\"py-6 lg:py-12  relative block   acf-upload\">\r\n\t<div class=\"inside_acf-upload\">\r\n\r\n\t\t<div class=\"max-w-screen-xl mx-auto z-10 relative  px-[24px] container\">\r\n    \r\n        \r\n\r\n    \t<div class=\"flex flex-col items-center justify-between lg:py-18  layout_stacked\">\r\n        <div class=\"w-full  upload_side left\">\r\n             \r\n\r\n\r\n<h1 class=\"h2 lg:h1 text-center lg:text-center mb-[0.3em]  font-bold\">\r\n    PDF-Seiten umbenennen<\/h1>\r\n\r\n    <p class=\"mb-[2em] h4 lg:h3 text-center lg:text-center text-brandDarkGray font-bold subtitle\">\r\n        \u00c4ndern Sie den PDF-Dateinamen, um ihn an den Kontext Ihres Dokuments anzupassen    <\/p>\r\n        <\/div>\r\n        <div class=\"w-full mt-0  upload_side right\">\r\n            <div class=\"bg-white rounded-md shadow-brandSmall w-full lg:w-fit lg:mx-auto p-6 lg:p-8 drop_zone\" id=\"drop_zone_block_7f776593c4e9e651d9a18d7c1a2dba27\" data-url=\"https:\/\/staging.rushpdf.com\/app\/dashboard\/documents\/new\" data-url-after=\"\">\r\n    <div class=\"error-message bg-[#FDF6F6] items-center border-[#DB4E4E] border rounded-md p-4 gap-3 mb-6\">\r\n        <img decoding=\"async\" src=\"https:\/\/dev.rushpdf.com\/wp-content\/themes\/rushpdf\/images\/info.svg\" class=\"w-6 h-6 shrink-0\" \/>\r\n        <p class=\"grow text-[#DB4E4E] text-base\">Hochladen fehlgeschlagen: Stellen Sie sicher, dass Ihre Datei ein g\u00fcltiges Format hat und weniger als 100 MB gro\u00df ist.<\/p>\r\n    <\/div>\r\n\t\t<div class=\"dropper rounded-md flex flex-col justify-center text-center p-6 lg:p-8 relative\" style=\"\">\r\n\t\t\t\t\t<svg class=\"upload-icon w-24 mx-auto mb-8 lg:mb-6\" data-name=\"Layer 1\" xmlns=\"http:\/\/www.w3.org\/2000\/svg\" viewbox=\"0 0 81 75\" alt=\"Upload files\">\r\n\t\t\t\t<path d=\"M80.16,20.83H.5v-3.33C.5,8.31,7.98.83,17.17.83h8.43c1.54,0,3.09.36,4.47,1.05l10.52,5.26c.46.23.98.35,1.49.35h21.76c8.05,0,14.78,5.74,16.33,13.34ZM80.5,27.5v30c0,9.19-7.48,16.67-16.67,16.67H17.17c-9.19,0-16.67-7.48-16.67-16.67v-30h80ZM52.86,42.43l-5.38-5.38c-3.85-3.85-10.11-3.85-13.96,0l-5.38,5.38c-3.07,3.1,1.62,7.78,4.71,4.71l4.31-4.31v21.33c.02,4.36,6.65,4.36,6.67,0v-21.33l4.31,4.31c3.1,3.07,7.78-1.62,4.71-4.71Z\"\/>\r\n\t\t\t<\/svg>\r\n\t\t\r\n        <h3 class=\"h3 text-brandDarkGray font-bold mb-3 lg:mb-8 lg:block\">Dokument zum Hochladen hierher ziehen und ablegen<\/h3>\r\n        <p class=\"h6 text-brandGray upload_instructions\">\r\n\r\n            \r\n                Nur\r\n                                    PDF, JPG, PNG, Word, Excel (ausgenommen CSV) &amp; PowerPoint (&lt; 100 MB) erlaubt\r\n\r\n                    <\/p>\r\n        <form action=\"https:\/\/dev.rushpdf.com\/wp-admin\/admin-post.php\" method=\"post\" enctype=\"multipart\/form-data\" class=\"upload-form relative z-20 w-full mx-auto\">\r\n\t\t\t<label class=\"btn-primary block w-full lg:w-fit mx-auto cursor-pointer upload_button\" style=\"\">\r\n                                    <input type=\"file\" name=\"file\" class=\"hidden fileUpload\" id=\"fileUpload_block_7f776593c4e9e651d9a18d7c1a2dba27\" accept=\"application\/pdf,image\/jpeg,image\/png,application\/doc,application\/ms-doc,application\/msword,application\/vnd.openxmlformats-officedocument.wordprocessingml.document,application\/excel,application\/vnd.ms-excel,application\/x-excel,application\/x-msexcel,application\/vnd.openxmlformats-officedocument.spreadsheetml.sheet,application\/mspowerpoint,application\/powerpoint,application\/vnd.ms-powerpoint,application\/x-mspowerpoint,application\/vnd.openxmlformats-officedocument.presentationml.presentation\" data-size-limit=\"100\" >\r\n                                Vom Ger\u00e4t hochladen            <\/label>\r\n            <input type=\"hidden\" name=\"action\" value=\"s3_upload_file\">\r\n            <input type=\"hidden\" name=\"upload_form_nonce\" value=\"fc8519c8e4\">\r\n\r\n            <p class=\"my-3 text-center text-brandGray\" id=\"form-output_block_7f776593c4e9e651d9a18d7c1a2dba27\"><\/p>\r\n\r\n        <\/form>\r\n        <div class=\"w-full h-full absolute top-0 left-0 z-10 dropHandlerElement\" data-dropzone=\"drop_zone_block_7f776593c4e9e651d9a18d7c1a2dba27\">\r\n        <\/div>\r\n        <div class=\"loader z-30 flex-col gap-4 items-center justify-center w-full h-full absolute top-0 left-0 bg-white text-2xl font-bold rounded-lg\">\r\n            <img decoding=\"async\" src=\"https:\/\/dev.rushpdf.com\/wp-content\/themes\/rushpdf\/images\/loader.svg\" class=\"w-24 h-24\" \/>\r\n            <span id=\"loadingText\">Laden...<\/span>\r\n        <\/div>\r\n    <\/div>\r\n<\/div>\r\n        <\/div>\r\n    <\/div>\r\n\r\n\t\t<\/div>\r\n    <\/div>\r\n<\/section>\r\n\n\n\r\n\r\n<section class=\"py-12 lg:py-20  relative block   acf-content\">\r\n\t<div class=\"inside_acf-content\">\r\n\r\n\t\t<div class=\"max-w-screen-xl mx-auto z-10 relative  px-[24px] container\">\r\n    \r\n        \r\n\r\n     \r\n\r\n\r\n<h2 class=\"h3 lg:h2 text-center lg:text-center mb-[1em]  font-bold\">\r\n    Umbenennen einer PDF-Datei anhand des Textinhalts<\/h2>\r\n\r\n    <p class=\"mb-[1.5em] h5 lg:h4 text-center lg:text-center text-brandMediumGray font-bold subtitle\">\r\n        Erlauben Sie unserem Tool, Ihre PDFs zu analysieren und sie nach bestimmten Textmustern umzubenennen.    <\/p>\r\n\r\n    \r\n    \r\n\t\t<\/div>\r\n    <\/div>\r\n<\/section>\r\n\n\n\r\n\r\n<section class=\"relative block   acf-content-with-image\">\r\n\t<div class=\"inside_acf-content-with-image\">\r\n\r\n\t\t<div class=\"max-w-screen-xl mx-auto z-10 relative  px-[24px] container\">\r\n    \r\n        \r\n\r\n    <div class=\"flex flex-col items-center pt-10 pb-12 lg:flex-row\">\r\n        <div class=\"w-full lg:w-6\/12 mb-6 lg:pr-12\">\r\n                            <div class=\"w-full h-auto bg-brandSnowGray rounded-md\">\r\n                    <img loading=\"lazy\" decoding=\"async\" width=\"3330\" height=\"1394\" src=\"https:\/\/dev.rushpdf.com\/wp-content\/uploads\/2024\/10\/Add-file-to-rename.png\" class=\"attachment-full size-full\" alt=\"Pop-up-Fenster mit dem Titel &quot;F\u00fcgen Sie Ihre Datei hinzu&quot;, in dem die Nutzer ihre PDF-Datei umbenennen k\u00f6nnen\" srcset=\"https:\/\/dev.rushpdf.com\/wp-content\/uploads\/2024\/10\/Add-file-to-rename.png 3330w, https:\/\/dev.rushpdf.com\/wp-content\/uploads\/2024\/10\/Add-file-to-rename-300x126.png 300w, https:\/\/dev.rushpdf.com\/wp-content\/uploads\/2024\/10\/Add-file-to-rename-1024x429.png 1024w, https:\/\/dev.rushpdf.com\/wp-content\/uploads\/2024\/10\/Add-file-to-rename-768x321.png 768w, https:\/\/dev.rushpdf.com\/wp-content\/uploads\/2024\/10\/Add-file-to-rename-1536x643.png 1536w, https:\/\/dev.rushpdf.com\/wp-content\/uploads\/2024\/10\/Add-file-to-rename-2048x857.png 2048w\" sizes=\"auto, (max-width: 3330px) 100vw, 3330px\" \/>                <\/div>\r\n                    <\/div>\r\n        <div class=\"w-full lg:w-6\/12\">\r\n             \r\n\r\n\r\n\r\n\r\n                            <div class=\"prose\">\r\n                    <h3>Schritt 1: Hochladen Ihrer PDFs<\/h3>\n<p>Laden Sie Ihre PDFs von Ihrem Ger\u00e4t hoch oder verwenden Sie die Drag-and-Drop-Funktion, um mehrere Dateien zu importieren.<\/p>\n<h3>Schritt 2: W\u00e4hlen Sie \"Umbenennen\".<\/h3>\n<p>W\u00e4hlen Sie die <strong>\"Umbenennen\"<\/strong> um die Umbenennungen auf Ihre PDF-Datei anzuwenden.<\/p>\n                <\/div>\r\n            \r\n                    <\/div>\r\n    <\/div>\r\n\r\n\t\t<\/div>\r\n    <\/div>\r\n<\/section>\r\n\n\n\r\n\r\n<section class=\"relative block   acf-content-with-image\">\r\n\t<div class=\"inside_acf-content-with-image\">\r\n\r\n\t\t<div class=\"max-w-screen-xl mx-auto z-10 relative  px-[24px] container\">\r\n    \r\n        \r\n\r\n    <div class=\"flex flex-col items-center pt-10 pb-12 lg:flex-row-reverse\">\r\n        <div class=\"w-full lg:w-6\/12 mb-6 lg:pl-12\">\r\n                            <div class=\"w-full h-auto bg-brandSnowGray rounded-md\">\r\n                    <img loading=\"lazy\" decoding=\"async\" width=\"3402\" height=\"1630\" src=\"https:\/\/dev.rushpdf.com\/wp-content\/uploads\/2024\/10\/rename-PDF-file.png\" class=\"attachment-full size-full\" alt=\"ein Pop-up-Fenster mit der \u00dcberschrift &quot;Umbenennen&quot;, in dem die Benutzer den neuen Namen der PDF-Datei eingeben k\u00f6nnen\" srcset=\"https:\/\/dev.rushpdf.com\/wp-content\/uploads\/2024\/10\/rename-PDF-file.png 3402w, https:\/\/dev.rushpdf.com\/wp-content\/uploads\/2024\/10\/rename-PDF-file-300x144.png 300w, https:\/\/dev.rushpdf.com\/wp-content\/uploads\/2024\/10\/rename-PDF-file-1024x491.png 1024w, https:\/\/dev.rushpdf.com\/wp-content\/uploads\/2024\/10\/rename-PDF-file-768x368.png 768w, https:\/\/dev.rushpdf.com\/wp-content\/uploads\/2024\/10\/rename-PDF-file-1536x736.png 1536w, https:\/\/dev.rushpdf.com\/wp-content\/uploads\/2024\/10\/rename-PDF-file-2048x981.png 2048w\" sizes=\"auto, (max-width: 3402px) 100vw, 3402px\" \/>                <\/div>\r\n                    <\/div>\r\n        <div class=\"w-full lg:w-6\/12\">\r\n             \r\n\r\n\r\n\r\n\r\n                            <div class=\"prose\">\r\n                    <h3>Schritt 3: Best\u00e4tigen Sie die Benennungsoptionen<\/h3>\n<p>\u00dcberpr\u00fcfen Sie die von Ihnen erstellten Benennungsoptionen, um sicherzustellen, dass sie korrekt sind. Passen Sie die Einstellungen bei Bedarf an oder bearbeiten Sie etwaige Unstimmigkeiten manuell.<\/p>\n<h3>Schritt 4: Speichern Sie Ihre neuen PDFs<\/h3>\n<p>Klicken Sie auf die Schaltfl\u00e4che \"Herunterladen\", um Ihre neu benannte PDF-Datei zu speichern.<\/p>\n                <\/div>\r\n            \r\n                    <\/div>\r\n    <\/div>\r\n\r\n\t\t<\/div>\r\n    <\/div>\r\n<\/section>\r\n\n\n\r\n\r\n<section class=\"py-12 lg:py-20  relative block   acf-features\">\r\n\t<div class=\"inside_acf-features\">\r\n\r\n\t\t<div class=\"max-w-screen-xl mx-auto z-10 relative  px-[24px] container\">\r\n    \r\n        \r\n\r\n \r\n\r\n\r\n<h2 class=\"h3 lg:h2 text-center lg:text-center mb-[1em]  font-bold\">\r\n    Optimieren Sie Ihren PDF-Umbenennungsprozess<\/h2>\r\n\r\n\r\n    <div id=\"block_6806942505cb86b6da72901a4451f80e\">\r\n        \r\n            \r\n                            \r\n\t\t\t\t<div class=\"tab_group active\" data-index=\"0\">\r\n                \r\n                                    <div class=\"flex lg:grid gap-5 mb-12 mt-6 tab-content  lg:grid-cols-3\">\r\n                         \r\n\r\n                            \r\n                                \r\n                                    <div class=\"card  rounded-md\">\r\n                                                                                    <img decoding=\"async\" src=\"https:\/\/dev.rushpdf.com\/wp-content\/uploads\/2024\/08\/sqr-convert.svg\" class=\"w-16 h-16 mb-3\" alt=\"Icon f\u00fcr Fehler reduzieren\" \/>\r\n                                                                                <div class=\"flex gap-3 items-center\">\r\n                                                                                        <h4 class=\"h3 font-bold\">Fehler vermindern<\/h4>\r\n                                        <\/div>\r\n                                        <p>Minimieren Sie das Risiko menschlicher Fehler bei der Benennung von Dateien, indem Sie PDF-Dateien von einer einzigen Oberfl\u00e4che aus umbenennen und so jedes Mal f\u00fcr Genauigkeit sorgen.<\/p>\r\n                                    <\/div>\r\n                                \r\n                            \r\n                         \r\n\r\n                            \r\n                                \r\n                                    <div class=\"card  rounded-md\">\r\n                                                                                    <img decoding=\"async\" src=\"https:\/\/dev.rushpdf.com\/wp-content\/uploads\/2024\/08\/ico-rearrange.svg\" class=\"w-16 h-16 mb-3\" alt=\"Icon f\u00fcr Verbesserte Zusammenarbeit\" \/>\r\n                                                                                <div class=\"flex gap-3 items-center\">\r\n                                                                                        <h4 class=\"h3 font-bold\">Verbessern Sie die Zusammenarbeit<\/h4>\r\n                                        <\/div>\r\n                                        <p>Erh\u00f6hen Sie die \u00dcbersichtlichkeit, indem Sie alle Ihre Dateien mit Schl\u00fcsselbezeichnungen wie Rechnungsnummern, Projekttiteln oder Kundennamen versehen, damit jeder wei\u00df, womit er arbeitet.<\/p>\r\n                                    <\/div>\r\n                                \r\n                            \r\n                         \r\n\r\n                            \r\n                                \r\n                                    <div class=\"card  rounded-md\">\r\n                                                                                    <img decoding=\"async\" src=\"https:\/\/dev.rushpdf.com\/wp-content\/uploads\/2024\/08\/edit-hilite.svg\" class=\"w-16 h-16 mb-3\" alt=\"Icon f\u00fcr Zeit sparen\" \/>\r\n                                                                                <div class=\"flex gap-3 items-center\">\r\n                                                                                        <h4 class=\"h3 font-bold\">Zeit sparen<\/h4>\r\n                                        <\/div>\r\n                                        <p>Rationalisieren Sie Ihren Arbeitsablauf, indem Sie unser Tool zur effizienten Abwicklung des Umbenennungsprozesses verwenden, damit Sie sich auf wichtigere Aufgaben konzentrieren k\u00f6nnen.<\/p>\r\n                                    <\/div>\r\n                                \r\n                            \r\n                                            <\/div>\r\n                \t\t\t\t<\/div>\r\n            \r\n        \r\n        \r\n    <\/div>\r\n\r\n\t\t<\/div>\r\n    <\/div>\r\n<\/section>","protected":false},"excerpt":{"rendered":"","protected":false},"author":6,"featured_media":0,"parent":0,"menu_order":0,"comment_status":"closed","ping_status":"closed","template":"page_templates\/page_builder.php","meta":{"_acf_changed":true,"footnotes":""},"class_list":["post-232","page","type-page","status-publish","hentry"],"acf":[],"yoast_head":"<!-- This site is optimized with the Yoast SEO plugin v23.5 - https:\/\/yoast.com\/wordpress\/plugins\/seo\/ -->\n<title>Rename PDF By Text Content<\/title>\n<meta name=\"description\" content=\"Rename PDF By Text Content. Change document filename based on text from the PDF pages. Online, no installation or registration required. It&#039;s free, quick and easy to use.\" \/>\n<meta name=\"robots\" content=\"noindex, follow, max-snippet:-1, max-image-preview:large, max-video-preview:-1\" \/>\n<meta property=\"og:locale\" content=\"de_DE\" \/>\n<meta property=\"og:type\" content=\"article\" \/>\n<meta property=\"og:title\" content=\"Rename PDF By Text Content\" \/>\n<meta property=\"og:description\" content=\"Rename PDF By Text Content. Change document filename based on text from the PDF pages. Online, no installation or registration required. It&#039;s free, quick and easy to use.\" \/>\n<meta property=\"og:url\" content=\"https:\/\/dev.rushpdf.com\/de\/pdf-umbenennen\/\" \/>\n<meta property=\"og:site_name\" content=\"RushPDF\" \/>\n<meta property=\"article:modified_time\" content=\"2024-12-11T14:02:35+00:00\" \/>\n<meta name=\"twitter:card\" content=\"summary_large_image\" \/>\n<script type=\"application\/ld+json\" class=\"yoast-schema-graph\">{\"@context\":\"https:\/\/schema.org\",\"@graph\":[{\"@type\":\"WebPage\",\"@id\":\"https:\/\/dev.rushpdf.com\/rename-pdf\/\",\"url\":\"https:\/\/dev.rushpdf.com\/rename-pdf\/\",\"name\":\"Rename PDF By Text Content\",\"isPartOf\":{\"@id\":\"https:\/\/dev.rushpdf.com\/#website\"},\"datePublished\":\"2024-09-11T14:50:24+00:00\",\"dateModified\":\"2024-12-11T14:02:35+00:00\",\"description\":\"Rename PDF By Text Content. Change document filename based on text from the PDF pages. Online, no installation or registration required. It's free, quick and easy to use.\",\"breadcrumb\":{\"@id\":\"https:\/\/dev.rushpdf.com\/rename-pdf\/#breadcrumb\"},\"inLanguage\":\"de\",\"potentialAction\":[{\"@type\":\"ReadAction\",\"target\":[\"https:\/\/dev.rushpdf.com\/rename-pdf\/\"]}]},{\"@type\":\"BreadcrumbList\",\"@id\":\"https:\/\/dev.rushpdf.com\/rename-pdf\/#breadcrumb\",\"itemListElement\":[{\"@type\":\"ListItem\",\"position\":1,\"name\":\"Home\",\"item\":\"https:\/\/dev.rushpdf.com\/\"},{\"@type\":\"ListItem\",\"position\":2,\"name\":\"Rename PDF by Text Content\"}]},{\"@type\":\"WebSite\",\"@id\":\"https:\/\/dev.rushpdf.com\/#website\",\"url\":\"https:\/\/dev.rushpdf.com\/\",\"name\":\"RushPDF\",\"description\":\"Your SUPER-powered PDF Tools\",\"publisher\":{\"@id\":\"https:\/\/dev.rushpdf.com\/#organization\"},\"potentialAction\":[{\"@type\":\"SearchAction\",\"target\":{\"@type\":\"EntryPoint\",\"urlTemplate\":\"https:\/\/dev.rushpdf.com\/?s={search_term_string}\"},\"query-input\":{\"@type\":\"PropertyValueSpecification\",\"valueRequired\":true,\"valueName\":\"search_term_string\"}}],\"inLanguage\":\"de\"},{\"@type\":\"Organization\",\"@id\":\"https:\/\/dev.rushpdf.com\/#organization\",\"name\":\"RushPDF\",\"url\":\"https:\/\/dev.rushpdf.com\/\",\"logo\":{\"@type\":\"ImageObject\",\"inLanguage\":\"de\",\"@id\":\"https:\/\/dev.rushpdf.com\/#\/schema\/logo\/image\/\",\"url\":\"https:\/\/dev.rushpdf.com\/wp-content\/uploads\/2024\/07\/rushpdf_icon180.png\",\"contentUrl\":\"https:\/\/dev.rushpdf.com\/wp-content\/uploads\/2024\/07\/rushpdf_icon180.png\",\"width\":180,\"height\":180,\"caption\":\"RushPDF\"},\"image\":{\"@id\":\"https:\/\/dev.rushpdf.com\/#\/schema\/logo\/image\/\"}}]}<\/script>\n<!-- \/ Yoast SEO plugin. -->","yoast_head_json":{"title":"Rename PDF By Text Content","description":"Rename PDF By Text Content. Change document filename based on text from the PDF pages. Online, no installation or registration required. It's free, quick and easy to use.","robots":{"index":"noindex","follow":"follow","max-snippet":"max-snippet:-1","max-image-preview":"max-image-preview:large","max-video-preview":"max-video-preview:-1"},"og_locale":"de_DE","og_type":"article","og_title":"Rename PDF By Text Content","og_description":"Rename PDF By Text Content. Change document filename based on text from the PDF pages. Online, no installation or registration required. It's free, quick and easy to use.","og_url":"https:\/\/dev.rushpdf.com\/de\/pdf-umbenennen\/","og_site_name":"RushPDF","article_modified_time":"2024-12-11T14:02:35+00:00","twitter_card":"summary_large_image","schema":{"@context":"https:\/\/schema.org","@graph":[{"@type":"WebPage","@id":"https:\/\/dev.rushpdf.com\/rename-pdf\/","url":"https:\/\/dev.rushpdf.com\/rename-pdf\/","name":"Rename PDF By Text Content","isPartOf":{"@id":"https:\/\/dev.rushpdf.com\/#website"},"datePublished":"2024-09-11T14:50:24+00:00","dateModified":"2024-12-11T14:02:35+00:00","description":"Rename PDF By Text Content. Change document filename based on text from the PDF pages. Online, no installation or registration required. It's free, quick and easy to use.","breadcrumb":{"@id":"https:\/\/dev.rushpdf.com\/rename-pdf\/#breadcrumb"},"inLanguage":"de","potentialAction":[{"@type":"ReadAction","target":["https:\/\/dev.rushpdf.com\/rename-pdf\/"]}]},{"@type":"BreadcrumbList","@id":"https:\/\/dev.rushpdf.com\/rename-pdf\/#breadcrumb","itemListElement":[{"@type":"ListItem","position":1,"name":"Home","item":"https:\/\/dev.rushpdf.com\/"},{"@type":"ListItem","position":2,"name":"Rename PDF by Text Content"}]},{"@type":"WebSite","@id":"https:\/\/dev.rushpdf.com\/#website","url":"https:\/\/dev.rushpdf.com\/","name":"RushPDF","description":"Your SUPER-powered PDF Tools","publisher":{"@id":"https:\/\/dev.rushpdf.com\/#organization"},"potentialAction":[{"@type":"SearchAction","target":{"@type":"EntryPoint","urlTemplate":"https:\/\/dev.rushpdf.com\/?s={search_term_string}"},"query-input":{"@type":"PropertyValueSpecification","valueRequired":true,"valueName":"search_term_string"}}],"inLanguage":"de"},{"@type":"Organization","@id":"https:\/\/dev.rushpdf.com\/#organization","name":"RushPDF","url":"https:\/\/dev.rushpdf.com\/","logo":{"@type":"ImageObject","inLanguage":"de","@id":"https:\/\/dev.rushpdf.com\/#\/schema\/logo\/image\/","url":"https:\/\/dev.rushpdf.com\/wp-content\/uploads\/2024\/07\/rushpdf_icon180.png","contentUrl":"https:\/\/dev.rushpdf.com\/wp-content\/uploads\/2024\/07\/rushpdf_icon180.png","width":180,"height":180,"caption":"RushPDF"},"image":{"@id":"https:\/\/dev.rushpdf.com\/#\/schema\/logo\/image\/"}}]}},"jetpack_sharing_enabled":true,"_links":{"self":[{"href":"https:\/\/dev.rushpdf.com\/de\/wp-json\/wp\/v2\/pages\/232","targetHints":{"allow":["GET"]}}],"collection":[{"href":"https:\/\/dev.rushpdf.com\/de\/wp-json\/wp\/v2\/pages"}],"about":[{"href":"https:\/\/dev.rushpdf.com\/de\/wp-json\/wp\/v2\/types\/page"}],"author":[{"embeddable":true,"href":"https:\/\/dev.rushpdf.com\/de\/wp-json\/wp\/v2\/users\/6"}],"replies":[{"embeddable":true,"href":"https:\/\/dev.rushpdf.com\/de\/wp-json\/wp\/v2\/comments?post=232"}],"version-history":[{"count":0,"href":"https:\/\/dev.rushpdf.com\/de\/wp-json\/wp\/v2\/pages\/232\/revisions"}],"wp:attachment":[{"href":"https:\/\/dev.rushpdf.com\/de\/wp-json\/wp\/v2\/media?parent=232"}],"curies":[{"name":"wp","href":"https:\/\/api.w.org\/{rel}","templated":true}]}}