{"id":230,"date":"2024-09-11T15:45:23","date_gmt":"2024-09-11T15:45:23","guid":{"rendered":"https:\/\/rushpdf.com\/?page_id=230"},"modified":"2025-05-08T10:52:35","modified_gmt":"2025-05-08T10:52:35","slug":"powerpoint-to-pdf","status":"publish","type":"page","link":"https:\/\/dev.rushpdf.com\/de\/powerpoint-zu-pdf\/","title":{"rendered":"PowerPoint in PDF konvertieren"},"content":{"rendered":"<section class=\"py-6 lg:py-12  relative block   acf-upload\">\r\n\t<div class=\"inside_acf-upload\">\r\n\r\n\t\t<div class=\"max-w-screen-xl mx-auto z-10 relative  px-[24px] container\">\r\n    \r\n        \r\n\r\n    \t<div class=\"flex flex-col items-center justify-between lg:py-18  layout_stacked\">\r\n        <div class=\"w-full  upload_side left\">\r\n             \r\n\r\n\r\n<h1 class=\"h2 lg:h1 text-center lg:text-center mb-[0.3em]  font-bold\">\r\n    PowerPoint in PDF konvertieren<\/h1>\r\n\r\n    <p class=\"mb-[2em] h4 lg:h3 text-center lg:text-center text-brandDarkGray font-bold subtitle\">\r\n        Konvertieren Sie Ihre PowerPoint-Pr\u00e4sentationen im Handumdrehen in hochwertige PDF-Dateien    <\/p>\r\n        <\/div>\r\n        <div class=\"w-full mt-0  upload_side right\">\r\n            <div class=\"bg-white rounded-md shadow-brandSmall w-full lg:w-fit lg:mx-auto p-6 lg:p-8 drop_zone\" id=\"drop_zone_block_18552617a82b0c8cceae7fd877cc5b3b\" data-url=\"https:\/\/dev.rushpdf.com\/app\/dashboard\/documents\/new\" data-url-after=\"&#038;convert=pdf\">\r\n    <div class=\"error-message bg-[#FDF6F6] items-center border-[#DB4E4E] border rounded-md p-4 gap-3 mb-6\">\r\n        <img decoding=\"async\" src=\"https:\/\/dev.rushpdf.com\/wp-content\/themes\/rushpdf\/images\/info.svg\" class=\"w-6 h-6 shrink-0\" \/>\r\n        <p class=\"grow text-[#DB4E4E] text-base\">Hochladen fehlgeschlagen: Stellen Sie sicher, dass Ihre Datei ein g\u00fcltiges Format hat und weniger als 90 MB gro\u00df ist.<\/p>\r\n    <\/div>\r\n\t\t<div class=\"dropper rounded-md flex flex-col justify-center text-center p-6 lg:p-8 relative\" style=\"\">\r\n\t\t\t\t\t<svg class=\"upload-icon w-24 mx-auto mb-8 lg:mb-6\" data-name=\"Layer 1\" xmlns=\"http:\/\/www.w3.org\/2000\/svg\" viewbox=\"0 0 81 75\" alt=\"Upload files\">\r\n\t\t\t\t<path d=\"M80.16,20.83H.5v-3.33C.5,8.31,7.98.83,17.17.83h8.43c1.54,0,3.09.36,4.47,1.05l10.52,5.26c.46.23.98.35,1.49.35h21.76c8.05,0,14.78,5.74,16.33,13.34ZM80.5,27.5v30c0,9.19-7.48,16.67-16.67,16.67H17.17c-9.19,0-16.67-7.48-16.67-16.67v-30h80ZM52.86,42.43l-5.38-5.38c-3.85-3.85-10.11-3.85-13.96,0l-5.38,5.38c-3.07,3.1,1.62,7.78,4.71,4.71l4.31-4.31v21.33c.02,4.36,6.65,4.36,6.67,0v-21.33l4.31,4.31c3.1,3.07,7.78-1.62,4.71-4.71Z\"\/>\r\n\t\t\t<\/svg>\r\n\t\t\r\n        <h3 class=\"h3 text-brandDarkGray font-bold mb-3 lg:mb-8 lg:block\">Dokument zum Hochladen hierher ziehen und ablegen<\/h3>\r\n        <p class=\"h6 text-brandGray upload_instructions\">\r\n\r\n            \r\n                Nur\r\n                                    PowerPoint (&lt; 90 MB) erlaubt\r\n\r\n                    <\/p>\r\n        <form action=\"https:\/\/dev.rushpdf.com\/wp-admin\/admin-post.php\" method=\"post\" enctype=\"multipart\/form-data\" class=\"upload-form relative z-20 w-full mx-auto\">\r\n\t\t\t<label class=\"btn-primary block w-full lg:w-fit mx-auto cursor-pointer upload_button\" style=\"\">\r\n                                    <input type=\"file\" name=\"file\" class=\"hidden fileUpload\" id=\"fileUpload_block_18552617a82b0c8cceae7fd877cc5b3b\" accept=\"application\/mspowerpoint,application\/powerpoint,application\/vnd.ms-powerpoint,application\/x-mspowerpoint,application\/vnd.openxmlformats-officedocument.presentationml.presentation\" data-size-limit=\"90\" >\r\n                                Vom Ger\u00e4t hochladen            <\/label>\r\n            <input type=\"hidden\" name=\"action\" value=\"s3_upload_file\">\r\n            <input type=\"hidden\" name=\"upload_form_nonce\" value=\"ce90f2546e\">\r\n\r\n            <p class=\"my-3 text-center text-brandGray\" id=\"form-output_block_18552617a82b0c8cceae7fd877cc5b3b\"><\/p>\r\n\r\n        <\/form>\r\n        <div class=\"w-full h-full absolute top-0 left-0 z-10 dropHandlerElement\" data-dropzone=\"drop_zone_block_18552617a82b0c8cceae7fd877cc5b3b\">\r\n        <\/div>\r\n        <div class=\"loader z-30 flex-col gap-4 items-center justify-center w-full h-full absolute top-0 left-0 bg-white text-2xl font-bold rounded-lg\">\r\n            <img decoding=\"async\" src=\"https:\/\/dev.rushpdf.com\/wp-content\/themes\/rushpdf\/images\/loader.svg\" class=\"w-24 h-24\" \/>\r\n            <span id=\"loadingText\">Laden...<\/span>\r\n        <\/div>\r\n    <\/div>\r\n<\/div>\r\n        <\/div>\r\n    <\/div>\r\n\r\n\t\t<\/div>\r\n    <\/div>\r\n<\/section>\r\n\n\n\r\n\r\n<section class=\"py-10 lg:py-16  relative block   acf-content\">\r\n\t<div class=\"inside_acf-content\">\r\n\r\n\t\t<div class=\"max-w-screen-xl mx-auto z-10 relative  px-[24px] container\">\r\n    \r\n        \r\n\r\n     \r\n\r\n\r\n<h2 class=\"h3 lg:h2 text-left lg:text-center mb-[1em]  font-bold\">\r\n    Konvertieren einer PowerPoint-Datei in PDF<\/h2>\r\n\r\n    <p class=\"mb-[1.5em] h5 lg:h3 text-left lg:text-center text-brandMediumGray font-bold subtitle\">\r\n        Sie m\u00fcssen PowerPoint (PPT) in PDF konvertieren? Mit unserem schnellen und benutzerfreundlichen Tool k\u00f6nnen Sie Ihre Pr\u00e4sentationen in Sekundenschnelle in hochwertige, sichere PDFs umwandeln, wobei die urspr\u00fcngliche Formatierung und das Design erhalten bleiben.    <\/p>\r\n\r\n    \r\n    \r\n\t\t<\/div>\r\n    <\/div>\r\n<\/section>\r\n\n\n\r\n\r\n<section class=\"relative block   acf-content-with-image\">\r\n\t<div class=\"inside_acf-content-with-image\">\r\n\r\n\t\t<div class=\"max-w-screen-xl mx-auto z-10 relative  px-[24px] container\">\r\n    \r\n        \r\n\r\n    <div class=\"flex flex-col items-center pt-10 pb-12 lg:flex-row\">\r\n        <div class=\"w-full lg:w-6\/12 mb-6 lg:pr-12\">\r\n                            <div class=\"w-full h-auto bg-brandSnowGray rounded-md\">\r\n                    <img loading=\"lazy\" decoding=\"async\" width=\"3330\" height=\"1394\" src=\"https:\/\/dev.rushpdf.com\/wp-content\/uploads\/2024\/10\/Add-file-to-convert-from-ppt-to-pdf.png\" class=\"attachment-full size-full\" alt=\"Pop-up-Fenster mit dem Titel &quot;F\u00fcgen Sie Ihre Datei hinzu&quot;, in dem Nutzer ppt-Dokumente hochladen k\u00f6nnen, um sie in PDF zu konvertieren\" srcset=\"https:\/\/dev.rushpdf.com\/wp-content\/uploads\/2024\/10\/Add-file-to-convert-from-ppt-to-pdf.png 3330w, https:\/\/dev.rushpdf.com\/wp-content\/uploads\/2024\/10\/Add-file-to-convert-from-ppt-to-pdf-300x126.png 300w, https:\/\/dev.rushpdf.com\/wp-content\/uploads\/2024\/10\/Add-file-to-convert-from-ppt-to-pdf-1024x429.png 1024w, https:\/\/dev.rushpdf.com\/wp-content\/uploads\/2024\/10\/Add-file-to-convert-from-ppt-to-pdf-768x321.png 768w, https:\/\/dev.rushpdf.com\/wp-content\/uploads\/2024\/10\/Add-file-to-convert-from-ppt-to-pdf-1536x643.png 1536w, https:\/\/dev.rushpdf.com\/wp-content\/uploads\/2024\/10\/Add-file-to-convert-from-ppt-to-pdf-2048x857.png 2048w\" sizes=\"auto, (max-width: 3330px) 100vw, 3330px\" \/>                <\/div>\r\n                    <\/div>\r\n        <div class=\"w-full lg:w-6\/12\">\r\n             \r\n\r\n\r\n\r\n\r\n                            <div class=\"prose\">\r\n                    <h3><strong>Schritt 1: Hochladen Ihrer PowerPoint-Datei<\/strong><\/h3>\n<p>Ziehen Sie Ihre PPT- oder PPTX-Datei per Drag &amp; Drop in unseren Online-Konverter, oder klicken Sie, um sie von Ihrem Ger\u00e4t hochzuladen.<\/p>\n<h3><strong>Schritt 2: Bearbeitungen vornehmen (optional)<\/strong><\/h3>\n<p>Aktualisieren oder \u00e4ndern Sie Ihre PowerPoint-Datei vor der Konvertierung in PDF.<\/p>\n                <\/div>\r\n            \r\n                    <\/div>\r\n    <\/div>\r\n\r\n\t\t<\/div>\r\n    <\/div>\r\n<\/section>\r\n\n\n\r\n\r\n<section class=\"relative block   acf-content-with-image\">\r\n\t<div class=\"inside_acf-content-with-image\">\r\n\r\n\t\t<div class=\"max-w-screen-xl mx-auto z-10 relative  px-[24px] container\">\r\n    \r\n        \r\n\r\n    <div class=\"flex flex-col items-center pt-10 pb-12 lg:flex-row-reverse\">\r\n        <div class=\"w-full lg:w-6\/12 mb-6 lg:pl-12\">\r\n                            <div class=\"w-full h-auto bg-brandSnowGray rounded-md\">\r\n                    <img loading=\"lazy\" decoding=\"async\" width=\"3406\" height=\"1698\" src=\"https:\/\/dev.rushpdf.com\/wp-content\/uploads\/2024\/10\/convert-from-ppt-to-pdf.png\" class=\"attachment-full size-full\" alt=\"Pop-up-Fenster mit dem Titel &quot;Ihr Dokument ist fast fertig&quot;, in dem der Benutzer das Format ausw\u00e4hlen kann, in das er das Dokument konvertieren m\u00f6chte\" srcset=\"https:\/\/dev.rushpdf.com\/wp-content\/uploads\/2024\/10\/convert-from-ppt-to-pdf.png 3406w, https:\/\/dev.rushpdf.com\/wp-content\/uploads\/2024\/10\/convert-from-ppt-to-pdf-300x150.png 300w, https:\/\/dev.rushpdf.com\/wp-content\/uploads\/2024\/10\/convert-from-ppt-to-pdf-1024x510.png 1024w, https:\/\/dev.rushpdf.com\/wp-content\/uploads\/2024\/10\/convert-from-ppt-to-pdf-768x383.png 768w, https:\/\/dev.rushpdf.com\/wp-content\/uploads\/2024\/10\/convert-from-ppt-to-pdf-1536x766.png 1536w, https:\/\/dev.rushpdf.com\/wp-content\/uploads\/2024\/10\/convert-from-ppt-to-pdf-2048x1021.png 2048w\" sizes=\"auto, (max-width: 3406px) 100vw, 3406px\" \/>                <\/div>\r\n                    <\/div>\r\n        <div class=\"w-full lg:w-6\/12\">\r\n             \r\n\r\n\r\n\r\n\r\n                            <div class=\"prose\">\r\n                    <h3><strong>Schritt 3: Sofortige Konvertierung in PDF<\/strong><\/h3>\n<p>W\u00e4hlen Sie das PDF-Format aus, und unser Konverter wandelt Ihre PowerPoint-Datei in Sekundenschnelle in eine hochwertige PDF-Datei um.<\/p>\n<h3><strong>Schritt 4: Laden Sie Ihre PDF-Datei herunter<\/strong><\/h3>\n<p>Sobald die Konvertierung abgeschlossen ist, laden Sie Ihre PDF-Datei herunter, um sie weiterzugeben oder sicher zu speichern.<\/p>\n                <\/div>\r\n            \r\n                    <\/div>\r\n    <\/div>\r\n\r\n\t\t<\/div>\r\n    <\/div>\r\n<\/section>\r\n\n\n\r\n\r\n<section class=\"py-10 lg:py-16  relative block   acf-features\">\r\n\t<div class=\"inside_acf-features\">\r\n\r\n\t\t<div class=\"max-w-screen-xl mx-auto z-10 relative  px-[24px] container\">\r\n    \r\n        \r\n\r\n \r\n\r\n\r\n<h2 class=\"h3 lg:h2 text-left lg:text-center mb-[1em]  font-bold\">\r\n    Schnell, zuverl\u00e4ssig, sicher<\/h2>\r\n\r\n\r\n    <div id=\"block_f4026eecc790e27f259cab7f5ce37112\">\r\n        \r\n            \r\n                            \r\n\t\t\t\t<div class=\"tab_group active\" data-index=\"0\">\r\n                \r\n                                    <div class=\"flex lg:grid gap-5 mb-12 mt-6 tab-content  lg:grid-cols-3\">\r\n                         \r\n\r\n                            \r\n                                \r\n                                    <div class=\"card  rounded-md\">\r\n                                                                                    <img decoding=\"async\" src=\"https:\/\/dev.rushpdf.com\/wp-content\/uploads\/2024\/08\/sqr-convert.svg\" class=\"w-16 h-16 mb-3\" alt=\"Symbol f\u00fcr Schnell und Effektiv\" \/>\r\n                                                                                <div class=\"flex gap-3 items-center\">\r\n                                                                                        <h4 class=\"h3 font-bold\">Schnell und wirkungsvoll<\/h4>\r\n                                        <\/div>\r\n                                        <p>Konvertieren Sie Ihre PowerPoint-Pr\u00e4sentationen (PPT oder PPTX) mit unserem benutzerfreundlichen Online-Tool in Sekundenschnelle in PDF. Egal, ob Sie einen Desktop oder ein mobiles Ger\u00e4t verwenden, die Konvertierung ist schnell und intuitiv und erfordert keine Downloads oder Installationen.<\/p>\r\n                                    <\/div>\r\n                                \r\n                            \r\n                         \r\n\r\n                            \r\n                                \r\n                                    <div class=\"card  rounded-md\">\r\n                                                                                    <img decoding=\"async\" src=\"https:\/\/dev.rushpdf.com\/wp-content\/uploads\/2024\/08\/ico-rearrange.svg\" class=\"w-16 h-16 mb-3\" alt=\"Symbol f\u00fcr hochqualitative Konvertierung\" \/>\r\n                                                                                <div class=\"flex gap-3 items-center\">\r\n                                                                                        <h4 class=\"h3 font-bold\">Hochwertige Konvertierung<\/h4>\r\n                                        <\/div>\r\n                                        <p>Unser PPT-zu-PDF-Konverter beh\u00e4lt die Originalqualit\u00e4t Ihrer PowerPoint-Folien bei, wobei Schriftarten, Bilder, Layouts und Formatierungen erhalten bleiben. Egal, ob es sich um komplexe Grafiken oder einfachen Text handelt, jedes Detail wird pr\u00e4zise in die PDF-Datei \u00fcbertragen.<\/p>\r\n                                    <\/div>\r\n                                \r\n                            \r\n                         \r\n\r\n                            \r\n                                \r\n                                    <div class=\"card  rounded-md\">\r\n                                                                                    <img decoding=\"async\" src=\"https:\/\/dev.rushpdf.com\/wp-content\/uploads\/2024\/08\/document.svg\" class=\"w-16 h-16 mb-3\" alt=\"Icon f\u00fcr sichere Verarbeitung\" \/>\r\n                                                                                <div class=\"flex gap-3 items-center\">\r\n                                                                                        <h4 class=\"h3 font-bold\">Sichere Verarbeitung<\/h4>\r\n                                        <\/div>\r\n                                        <p>Ihre Privatsph\u00e4re ist unsere Priorit\u00e4t. Sobald Sie Ihre PPT in PDF konvertiert haben, stellen wir sicher, dass Ihre Dateien sicher verarbeitet werden und keine Ihrer Daten gespeichert oder weitergegeben werden. Sie k\u00f6nnen Ihre PowerPoint-Dateien mit gutem Gewissen in PDF konvertieren, denn Sie wissen, dass Ihre Daten gesch\u00fctzt sind.<\/p>\r\n                                    <\/div>\r\n                                \r\n                            \r\n                                            <\/div>\r\n                \t\t\t\t<\/div>\r\n            \r\n        \r\n        \r\n    <\/div>\r\n\r\n\t\t<\/div>\r\n    <\/div>\r\n<\/section>","protected":false},"excerpt":{"rendered":"","protected":false},"author":10,"featured_media":0,"parent":0,"menu_order":0,"comment_status":"closed","ping_status":"closed","template":"page_templates\/page_builder.php","meta":{"_acf_changed":true,"footnotes":""},"class_list":["post-230","page","type-page","status-publish","hentry"],"acf":[],"yoast_head":"<!-- This site is optimized with the Yoast SEO plugin v23.5 - https:\/\/yoast.com\/wordpress\/plugins\/seo\/ -->\n<title>Convert PowerPoint to PDF. PPT Presentations to PDF<\/title>\n<meta name=\"description\" content=\"Convert your PowerPoint spreadsheets to PDF online easily and for free. Preserve your formatting and share effortlessly.\" \/>\n<meta name=\"robots\" content=\"noindex, follow, max-snippet:-1, max-image-preview:large, max-video-preview:-1\" \/>\n<meta property=\"og:locale\" content=\"de_DE\" \/>\n<meta property=\"og:type\" content=\"article\" \/>\n<meta property=\"og:title\" content=\"Convert PowerPoint to PDF. PPT Presentations to PDF\" \/>\n<meta property=\"og:description\" content=\"Convert your PowerPoint spreadsheets to PDF online easily and for free. Preserve your formatting and share effortlessly.\" \/>\n<meta property=\"og:url\" content=\"https:\/\/dev.rushpdf.com\/de\/powerpoint-zu-pdf\/\" \/>\n<meta property=\"og:site_name\" content=\"RushPDF\" \/>\n<meta property=\"article:modified_time\" content=\"2025-05-08T10:52:35+00:00\" \/>\n<meta name=\"twitter:card\" content=\"summary_large_image\" \/>\n<script type=\"application\/ld+json\" class=\"yoast-schema-graph\">{\"@context\":\"https:\/\/schema.org\",\"@graph\":[{\"@type\":\"WebPage\",\"@id\":\"https:\/\/dev.rushpdf.com\/powerpoint-to-pdf\/\",\"url\":\"https:\/\/dev.rushpdf.com\/powerpoint-to-pdf\/\",\"name\":\"Convert PowerPoint to PDF. PPT Presentations to PDF\",\"isPartOf\":{\"@id\":\"https:\/\/dev.rushpdf.com\/#website\"},\"datePublished\":\"2024-09-11T15:45:23+00:00\",\"dateModified\":\"2025-05-08T10:52:35+00:00\",\"description\":\"Convert your PowerPoint spreadsheets to PDF online easily and for free. Preserve your formatting and share effortlessly.\",\"breadcrumb\":{\"@id\":\"https:\/\/dev.rushpdf.com\/powerpoint-to-pdf\/#breadcrumb\"},\"inLanguage\":\"de\",\"potentialAction\":[{\"@type\":\"ReadAction\",\"target\":[\"https:\/\/dev.rushpdf.com\/powerpoint-to-pdf\/\"]}]},{\"@type\":\"BreadcrumbList\",\"@id\":\"https:\/\/dev.rushpdf.com\/powerpoint-to-pdf\/#breadcrumb\",\"itemListElement\":[{\"@type\":\"ListItem\",\"position\":1,\"name\":\"Home\",\"item\":\"https:\/\/dev.rushpdf.com\/\"},{\"@type\":\"ListItem\",\"position\":2,\"name\":\"PPT to PDF\"}]},{\"@type\":\"WebSite\",\"@id\":\"https:\/\/dev.rushpdf.com\/#website\",\"url\":\"https:\/\/dev.rushpdf.com\/\",\"name\":\"RushPDF\",\"description\":\"Your SUPER-powered PDF Tools\",\"publisher\":{\"@id\":\"https:\/\/dev.rushpdf.com\/#organization\"},\"potentialAction\":[{\"@type\":\"SearchAction\",\"target\":{\"@type\":\"EntryPoint\",\"urlTemplate\":\"https:\/\/dev.rushpdf.com\/?s={search_term_string}\"},\"query-input\":{\"@type\":\"PropertyValueSpecification\",\"valueRequired\":true,\"valueName\":\"search_term_string\"}}],\"inLanguage\":\"de\"},{\"@type\":\"Organization\",\"@id\":\"https:\/\/dev.rushpdf.com\/#organization\",\"name\":\"RushPDF\",\"url\":\"https:\/\/dev.rushpdf.com\/\",\"logo\":{\"@type\":\"ImageObject\",\"inLanguage\":\"de\",\"@id\":\"https:\/\/dev.rushpdf.com\/#\/schema\/logo\/image\/\",\"url\":\"https:\/\/dev.rushpdf.com\/wp-content\/uploads\/2024\/07\/rushpdf_icon180.png\",\"contentUrl\":\"https:\/\/dev.rushpdf.com\/wp-content\/uploads\/2024\/07\/rushpdf_icon180.png\",\"width\":180,\"height\":180,\"caption\":\"RushPDF\"},\"image\":{\"@id\":\"https:\/\/dev.rushpdf.com\/#\/schema\/logo\/image\/\"}}]}<\/script>\n<!-- \/ Yoast SEO plugin. -->","yoast_head_json":{"title":"Convert PowerPoint to PDF. PPT Presentations to PDF","description":"Convert your PowerPoint spreadsheets to PDF online easily and for free. Preserve your formatting and share effortlessly.","robots":{"index":"noindex","follow":"follow","max-snippet":"max-snippet:-1","max-image-preview":"max-image-preview:large","max-video-preview":"max-video-preview:-1"},"og_locale":"de_DE","og_type":"article","og_title":"Convert PowerPoint to PDF. PPT Presentations to PDF","og_description":"Convert your PowerPoint spreadsheets to PDF online easily and for free. Preserve your formatting and share effortlessly.","og_url":"https:\/\/dev.rushpdf.com\/de\/powerpoint-zu-pdf\/","og_site_name":"RushPDF","article_modified_time":"2025-05-08T10:52:35+00:00","twitter_card":"summary_large_image","schema":{"@context":"https:\/\/schema.org","@graph":[{"@type":"WebPage","@id":"https:\/\/dev.rushpdf.com\/powerpoint-to-pdf\/","url":"https:\/\/dev.rushpdf.com\/powerpoint-to-pdf\/","name":"Convert PowerPoint to PDF. PPT Presentations to PDF","isPartOf":{"@id":"https:\/\/dev.rushpdf.com\/#website"},"datePublished":"2024-09-11T15:45:23+00:00","dateModified":"2025-05-08T10:52:35+00:00","description":"Convert your PowerPoint spreadsheets to PDF online easily and for free. Preserve your formatting and share effortlessly.","breadcrumb":{"@id":"https:\/\/dev.rushpdf.com\/powerpoint-to-pdf\/#breadcrumb"},"inLanguage":"de","potentialAction":[{"@type":"ReadAction","target":["https:\/\/dev.rushpdf.com\/powerpoint-to-pdf\/"]}]},{"@type":"BreadcrumbList","@id":"https:\/\/dev.rushpdf.com\/powerpoint-to-pdf\/#breadcrumb","itemListElement":[{"@type":"ListItem","position":1,"name":"Home","item":"https:\/\/dev.rushpdf.com\/"},{"@type":"ListItem","position":2,"name":"PPT to PDF"}]},{"@type":"WebSite","@id":"https:\/\/dev.rushpdf.com\/#website","url":"https:\/\/dev.rushpdf.com\/","name":"RushPDF","description":"Your SUPER-powered PDF Tools","publisher":{"@id":"https:\/\/dev.rushpdf.com\/#organization"},"potentialAction":[{"@type":"SearchAction","target":{"@type":"EntryPoint","urlTemplate":"https:\/\/dev.rushpdf.com\/?s={search_term_string}"},"query-input":{"@type":"PropertyValueSpecification","valueRequired":true,"valueName":"search_term_string"}}],"inLanguage":"de"},{"@type":"Organization","@id":"https:\/\/dev.rushpdf.com\/#organization","name":"RushPDF","url":"https:\/\/dev.rushpdf.com\/","logo":{"@type":"ImageObject","inLanguage":"de","@id":"https:\/\/dev.rushpdf.com\/#\/schema\/logo\/image\/","url":"https:\/\/dev.rushpdf.com\/wp-content\/uploads\/2024\/07\/rushpdf_icon180.png","contentUrl":"https:\/\/dev.rushpdf.com\/wp-content\/uploads\/2024\/07\/rushpdf_icon180.png","width":180,"height":180,"caption":"RushPDF"},"image":{"@id":"https:\/\/dev.rushpdf.com\/#\/schema\/logo\/image\/"}}]}},"jetpack_sharing_enabled":true,"_links":{"self":[{"href":"https:\/\/dev.rushpdf.com\/de\/wp-json\/wp\/v2\/pages\/230","targetHints":{"allow":["GET"]}}],"collection":[{"href":"https:\/\/dev.rushpdf.com\/de\/wp-json\/wp\/v2\/pages"}],"about":[{"href":"https:\/\/dev.rushpdf.com\/de\/wp-json\/wp\/v2\/types\/page"}],"author":[{"embeddable":true,"href":"https:\/\/dev.rushpdf.com\/de\/wp-json\/wp\/v2\/users\/10"}],"replies":[{"embeddable":true,"href":"https:\/\/dev.rushpdf.com\/de\/wp-json\/wp\/v2\/comments?post=230"}],"version-history":[{"count":0,"href":"https:\/\/dev.rushpdf.com\/de\/wp-json\/wp\/v2\/pages\/230\/revisions"}],"wp:attachment":[{"href":"https:\/\/dev.rushpdf.com\/de\/wp-json\/wp\/v2\/media?parent=230"}],"curies":[{"name":"wp","href":"https:\/\/api.w.org\/{rel}","templated":true}]}}